{"id":79,"date":"2015-10-13T21:17:08","date_gmt":"2015-10-13T21:17:08","guid":{"rendered":"http:\/\/www.maquicat.com\/website\/home\/?page_id=79"},"modified":"2018-05-24T14:59:56","modified_gmt":"2018-05-24T19:59:56","slug":"sistemas-electricos","status":"publish","type":"page","link":"https:\/\/www.maquicat.com\/website\/home\/que-ofrecemos\/servicios\/sistemas-electricos\/","title":{"rendered":"SISTEMAS ELECTRICOS"},"content":{"rendered":"<div id=\"pl-79\"  class=\"panel-layout\" ><div id=\"pg-79-0\"  class=\"panel-grid panel-no-style\" ><div id=\"pgc-79-0-0\"  class=\"panel-grid-cell\" ><div id=\"panel-79-0-0-0\" class=\"so-panel widget widget_sow-editor panel-first-child\" data-index=\"0\" ><div class=\"panel-widget-style panel-widget-style-for-79-0-0-0\" ><div\n\t\t\t\n\t\t\tclass=\"so-widget-sow-editor so-widget-sow-editor-base\"\n\t\t\t\n\t\t>\n<div class=\"siteorigin-widget-tinymce textwidget\">\n\t<h1 style=\"padding-left: 30px; text-align: center;\"><span style=\"color: #000000;\">EVALUACION Y DIAGNOSTICO DE FALLAS \u00a0EL\u00c9CTRICAS<\/span><\/h1>\n<h2 style=\"padding-left: 30px; text-align: center;\"><span style=\"color: #000000;\">en equipos: CAT, KOMATSU, JCB y otros<\/span><\/h2>\n<h3 style=\"padding-left: 30px; text-align: center;\">PROCEDIMIENTOS DE MEDICI\u00d3N :\u00a0<span style=\"color: #000000;\">ET - com adapter 3, VIMS, VIDS, SERVICE TOOL,<\/span><\/h3>\n<ul>\n<li><span style=\"color: #000080;\"><strong>- Evaluaci\u00f3n y Diagnostico de fallas del sistema el\u00e9ctrico.<\/strong><\/span><\/li>\n<li><span style=\"color: #000080;\"><b>- Soluci\u00f3n\u00a0a fallas comunes al momento.<\/b><\/span><\/li>\n<li><span style=\"color: #000080;\"><strong>- Construcci\u00f3n\u00a0y reparaci\u00f3n\u00a0de Harness y componentes electricos.<\/strong><\/span><\/li>\n<li><span style=\"color: #000080;\"><strong>- Calibraciones del sistema electr\u00f3nico con herramienta ET: Flasheo, configuraci\u00f3n y ajustes del sistema electr\u00f3nico<\/strong><\/span><\/li>\n<li><span style=\"color: #000080;\"><strong>- Calibraci\u00f3n Speed and timing, Calibraci\u00f3n trim code.<\/strong><\/span><\/li>\n<li><span style=\"color: #000080;\"><strong>- Reparaci\u00f3n de m\u00f3dulos electr\u00f3nicos (ECMs)<\/strong><\/span><\/li>\n<li><span style=\"color: #000080;\"><strong>- Instalaci\u00f3n de Componentes el\u00e9ctricos y electr\u00f3nicos de monitoreo, control, iluminaci\u00f3n, etc.<\/strong><\/span><\/li>\n<\/ul>\n<p><strong><em><a href=\"tel:945045270\">Solicitar Servicio<\/a><\/em><\/strong><\/p>\n<\/div>\n<\/div><\/div><\/div><div id=\"panel-79-0-0-1\" class=\"so-panel widget widget_sow-slider panel-last-child\" data-index=\"1\" ><div class=\"panel-widget-style panel-widget-style-for-79-0-0-1\" ><div\n\t\t\t\n\t\t\tclass=\"so-widget-sow-slider so-widget-sow-slider-default-6d39609536fd-79\"\n\t\t\t\n\t\t>\t\t\t\t<div class=\"sow-slider-base\" style=\"display: none\" tabindex=\"0\">\n\t\t\t\t\t<ul\n\t\t\t\t\tclass=\"sow-slider-images\"\n\t\t\t\t\tdata-settings=\"{&quot;pagination&quot;:true,&quot;speed&quot;:800,&quot;timeout&quot;:8000,&quot;paused&quot;:false,&quot;pause_on_hover&quot;:false,&quot;swipe&quot;:true,&quot;nav_always_show_desktop&quot;:&quot;&quot;,&quot;nav_always_show_mobile&quot;:&quot;&quot;,&quot;breakpoint&quot;:&quot;780px&quot;,&quot;unmute&quot;:false,&quot;anchor&quot;:null}\"\n\t\t\t\t\t\t\t\t\t\tdata-anchor-id=\"\"\n\t\t\t\t>\t\t<li class=\"sow-slider-image\" style=\"visibility: visible;\" >\n\t\t\t\t\t\t<div class=\"sow-slider-image-container\">\n\t\t\t\t<div class=\"sow-slider-image-wrapper\" style=\"max-width: 640px\">\n\t\t\t\t\t\t\t\t\t\t<div class=\"sow-slider-image-foreground-wrapper\">\n\t\t\t\t\t\t<img loading=\"lazy\" decoding=\"async\" width=\"640\" height=\"480\" src=\"https:\/\/www.maquicat.com\/website\/wp-content\/uploads\/2015\/10\/P1040873.jpg\" class=\"sow-slider-foreground-image\" alt=\"\" style=\"\" srcset=\"https:\/\/www.maquicat.com\/website\/wp-content\/uploads\/2015\/10\/P1040873.jpg 640w, https:\/\/www.maquicat.com\/website\/wp-content\/uploads\/2015\/10\/P1040873-300x225.jpg 300w\" sizes=\"auto, (max-width: 640px) 100vw, 640px\" \/>\t\t\t\t\t<\/div>\n\t\t\t\t\t\t\t\t\t<\/div>\n\t\t\t<\/div>\n\t\t\t\t\t<\/li>\n\t\t\t\t<li class=\"sow-slider-image\" style=\"visibility: hidden;\" >\n\t\t\t\t\t\t<div class=\"sow-slider-image-container\">\n\t\t\t\t<div class=\"sow-slider-image-wrapper\" style=\"max-width: 640px\">\n\t\t\t\t\t\t\t\t\t\t<div class=\"sow-slider-image-foreground-wrapper\">\n\t\t\t\t\t\t<img loading=\"lazy\" decoding=\"async\" width=\"640\" height=\"480\" src=\"https:\/\/www.maquicat.com\/website\/wp-content\/uploads\/2015\/10\/P1040872.jpg\" class=\"sow-slider-foreground-image\" alt=\"\" style=\"\" srcset=\"https:\/\/www.maquicat.com\/website\/wp-content\/uploads\/2015\/10\/P1040872.jpg 640w, https:\/\/www.maquicat.com\/website\/wp-content\/uploads\/2015\/10\/P1040872-300x225.jpg 300w\" sizes=\"auto, (max-width: 640px) 100vw, 640px\" \/>\t\t\t\t\t<\/div>\n\t\t\t\t\t\t\t\t\t<\/div>\n\t\t\t<\/div>\n\t\t\t\t\t<\/li>\n\t\t\t\t<li class=\"sow-slider-image\" style=\"visibility: hidden;\" >\n\t\t\t\t\t\t<div class=\"sow-slider-image-container\">\n\t\t\t\t<div class=\"sow-slider-image-wrapper\" style=\"max-width: 1920px\">\n\t\t\t\t\t\t\t\t\t\t<div class=\"sow-slider-image-foreground-wrapper\">\n\t\t\t\t\t\t<img loading=\"lazy\" decoding=\"async\" width=\"1920\" height=\"1440\" src=\"https:\/\/www.maquicat.com\/website\/wp-content\/uploads\/2015\/10\/P1070653-e1445217531915.jpg\" class=\"sow-slider-foreground-image\" alt=\"\" style=\"\" \/>\t\t\t\t\t<\/div>\n\t\t\t\t\t\t\t\t\t<\/div>\n\t\t\t<\/div>\n\t\t\t\t\t<\/li>\n\t\t<\/ul>\t\t\t\t<ol class=\"sow-slider-pagination\">\n\t\t\t\t\t\t\t\t\t\t\t<li><a href=\"#\" data-goto=\"0\" aria-label=\"mostrar diapositiva 1\"><\/a><\/li>\n\t\t\t\t\t\t\t\t\t\t\t<li><a href=\"#\" data-goto=\"1\" aria-label=\"mostrar diapositiva 2\"><\/a><\/li>\n\t\t\t\t\t\t\t\t\t\t\t<li><a href=\"#\" data-goto=\"2\" aria-label=\"mostrar diapositiva 3\"><\/a><\/li>\n\t\t\t\t\t\t\t\t\t<\/ol>\n\n\t\t\t\t<div class=\"sow-slide-nav sow-slide-nav-next\">\n\t\t\t\t\t<a href=\"#\" data-goto=\"next\" aria-label=\"diapositiva siguiente\" data-action=\"next\">\n\t\t\t\t\t\t<em class=\"sow-sld-icon-thin-right\"><\/em>\n\t\t\t\t\t<\/a>\n\t\t\t\t<\/div>\n\n\t\t\t\t<div class=\"sow-slide-nav sow-slide-nav-prev\">\n\t\t\t\t\t<a href=\"#\" data-goto=\"previous\" aria-label=\"diapositiva anterior\" data-action=\"prev\">\n\t\t\t\t\t\t<em class=\"sow-sld-icon-thin-left\"><\/em>\n\t\t\t\t\t<\/a>\n\t\t\t\t<\/div>\n\t\t\t\t<\/div><\/div><\/div><\/div><\/div><\/div><\/div>","protected":false},"excerpt":{"rendered":"<p>EVALUACION Y DIAGNOSTICO DE FALLAS \u00a0EL\u00c9CTRICASen equipos: CAT, KOMATSU, JCB y otrosPROCEDIMIENTOS DE MEDICI\u00d3N :\u00a0ET &#8211; com adapter 3, VIMS, VIDS, SERVICE TOOL,- Evaluaci\u00f3n y Diagnostico de fallas del sistema el\u00e9ctrico.- Soluci\u00f3n\u00a0a fallas comunes al momento.- Construcci\u00f3n\u00a0y reparaci\u00f3n\u00a0de Harness y componentes electricos.- Calibraciones del sistema electr\u00f3nico con herramienta ET: Flasheo, configuraci\u00f3n y ajustes del sistema [&hellip;]<\/p>\n","protected":false},"author":1,"featured_media":0,"parent":56,"menu_order":0,"comment_status":"closed","ping_status":"closed","template":"","meta":{"footnotes":""},"class_list":["post-79","page","type-page","status-publish","hentry"],"yoast_head":"<!-- This site is optimized with the Yoast SEO plugin v24.2 - https:\/\/yoast.com\/wordpress\/plugins\/seo\/ -->\n<title>SISTEMAS ELECTRICOS - MAQUICAT S.A.C.<\/title>\n<meta name=\"robots\" content=\"index, follow, max-snippet:-1, max-image-preview:large, max-video-preview:-1\" \/>\n<link rel=\"canonical\" href=\"https:\/\/www.maquicat.com\/website\/home\/que-ofrecemos\/servicios\/sistemas-electricos\/\" \/>\n<meta property=\"og:locale\" content=\"es_ES\" \/>\n<meta property=\"og:type\" content=\"article\" \/>\n<meta property=\"og:title\" content=\"SISTEMAS ELECTRICOS - MAQUICAT S.A.C.\" \/>\n<meta property=\"og:description\" content=\"EVALUACION Y DIAGNOSTICO DE FALLAS \u00a0EL\u00c9CTRICASen equipos: CAT, KOMATSU, JCB y otrosPROCEDIMIENTOS DE MEDICI\u00d3N :\u00a0ET - com adapter 3, VIMS, VIDS, SERVICE TOOL,- Evaluaci\u00f3n y Diagnostico de fallas del sistema el\u00e9ctrico.- Soluci\u00f3n\u00a0a fallas comunes al momento.- Construcci\u00f3n\u00a0y reparaci\u00f3n\u00a0de Harness y componentes electricos.- Calibraciones del sistema electr\u00f3nico con herramienta ET: Flasheo, configuraci\u00f3n y ajustes del sistema [&hellip;]\" \/>\n<meta property=\"og:url\" content=\"https:\/\/www.maquicat.com\/website\/home\/que-ofrecemos\/servicios\/sistemas-electricos\/\" \/>\n<meta property=\"og:site_name\" content=\"MAQUICAT S.A.C.\" \/>\n<meta property=\"article:modified_time\" content=\"2018-05-24T19:59:56+00:00\" \/>\n<meta property=\"og:image\" content=\"http:\/\/www.maquicat.com\/website\/wp-content\/uploads\/2015\/10\/P1040873.jpg\" \/>\n<meta name=\"twitter:card\" content=\"summary_large_image\" \/>\n<meta name=\"twitter:label1\" content=\"Tiempo de lectura\" \/>\n\t<meta name=\"twitter:data1\" content=\"1 minuto\" \/>\n<script type=\"application\/ld+json\" class=\"yoast-schema-graph\">{\"@context\":\"https:\/\/schema.org\",\"@graph\":[{\"@type\":\"WebPage\",\"@id\":\"https:\/\/www.maquicat.com\/website\/home\/que-ofrecemos\/servicios\/sistemas-electricos\/\",\"url\":\"https:\/\/www.maquicat.com\/website\/home\/que-ofrecemos\/servicios\/sistemas-electricos\/\",\"name\":\"SISTEMAS ELECTRICOS - MAQUICAT S.A.C.\",\"isPartOf\":{\"@id\":\"https:\/\/www.maquicat.com\/website\/home\/#website\"},\"primaryImageOfPage\":{\"@id\":\"https:\/\/www.maquicat.com\/website\/home\/que-ofrecemos\/servicios\/sistemas-electricos\/#primaryimage\"},\"image\":{\"@id\":\"https:\/\/www.maquicat.com\/website\/home\/que-ofrecemos\/servicios\/sistemas-electricos\/#primaryimage\"},\"thumbnailUrl\":\"http:\/\/www.maquicat.com\/website\/wp-content\/uploads\/2015\/10\/P1040873.jpg\",\"datePublished\":\"2015-10-13T21:17:08+00:00\",\"dateModified\":\"2018-05-24T19:59:56+00:00\",\"breadcrumb\":{\"@id\":\"https:\/\/www.maquicat.com\/website\/home\/que-ofrecemos\/servicios\/sistemas-electricos\/#breadcrumb\"},\"inLanguage\":\"es\",\"potentialAction\":[{\"@type\":\"ReadAction\",\"target\":[\"https:\/\/www.maquicat.com\/website\/home\/que-ofrecemos\/servicios\/sistemas-electricos\/\"]}]},{\"@type\":\"ImageObject\",\"inLanguage\":\"es\",\"@id\":\"https:\/\/www.maquicat.com\/website\/home\/que-ofrecemos\/servicios\/sistemas-electricos\/#primaryimage\",\"url\":\"http:\/\/www.maquicat.com\/website\/wp-content\/uploads\/2015\/10\/P1040873.jpg\",\"contentUrl\":\"http:\/\/www.maquicat.com\/website\/wp-content\/uploads\/2015\/10\/P1040873.jpg\"},{\"@type\":\"BreadcrumbList\",\"@id\":\"https:\/\/www.maquicat.com\/website\/home\/que-ofrecemos\/servicios\/sistemas-electricos\/#breadcrumb\",\"itemListElement\":[{\"@type\":\"ListItem\",\"position\":1,\"name\":\"Portada\",\"item\":\"https:\/\/www.maquicat.com\/website\/home\/\"},{\"@type\":\"ListItem\",\"position\":2,\"name\":\"QUE OFRECEMOS\",\"item\":\"https:\/\/www.maquicat.com\/website\/home\/que-ofrecemos\/\"},{\"@type\":\"ListItem\",\"position\":3,\"name\":\"SERVICIOS\",\"item\":\"https:\/\/www.maquicat.com\/website\/home\/que-ofrecemos\/servicios\/\"},{\"@type\":\"ListItem\",\"position\":4,\"name\":\"SISTEMAS ELECTRICOS\"}]},{\"@type\":\"WebSite\",\"@id\":\"https:\/\/www.maquicat.com\/website\/home\/#website\",\"url\":\"https:\/\/www.maquicat.com\/website\/home\/\",\"name\":\"MAQUICAT S.A.C.\",\"description\":\"REPARACI\u00d3N DE MAQUINARIA PESADA \u25a0\u25a0\u25a0TELF. 945045270\",\"publisher\":{\"@id\":\"https:\/\/www.maquicat.com\/website\/home\/#organization\"},\"potentialAction\":[{\"@type\":\"SearchAction\",\"target\":{\"@type\":\"EntryPoint\",\"urlTemplate\":\"https:\/\/www.maquicat.com\/website\/home\/?s={search_term_string}\"},\"query-input\":{\"@type\":\"PropertyValueSpecification\",\"valueRequired\":true,\"valueName\":\"search_term_string\"}}],\"inLanguage\":\"es\"},{\"@type\":\"Organization\",\"@id\":\"https:\/\/www.maquicat.com\/website\/home\/#organization\",\"name\":\"maquicat SAC\",\"url\":\"https:\/\/www.maquicat.com\/website\/home\/\",\"logo\":{\"@type\":\"ImageObject\",\"inLanguage\":\"es\",\"@id\":\"https:\/\/www.maquicat.com\/website\/home\/#\/schema\/logo\/image\/\",\"url\":\"https:\/\/www.maquicat.com\/website\/wp-content\/uploads\/2015\/11\/logo_maqX2.png\",\"contentUrl\":\"https:\/\/www.maquicat.com\/website\/wp-content\/uploads\/2015\/11\/logo_maqX2.png\",\"width\":476,\"height\":110,\"caption\":\"maquicat SAC\"},\"image\":{\"@id\":\"https:\/\/www.maquicat.com\/website\/home\/#\/schema\/logo\/image\/\"}}]}<\/script>\n<!-- \/ Yoast SEO plugin. -->","yoast_head_json":{"title":"SISTEMAS ELECTRICOS - MAQUICAT S.A.C.","robots":{"index":"index","follow":"follow","max-snippet":"max-snippet:-1","max-image-preview":"max-image-preview:large","max-video-preview":"max-video-preview:-1"},"canonical":"https:\/\/www.maquicat.com\/website\/home\/que-ofrecemos\/servicios\/sistemas-electricos\/","og_locale":"es_ES","og_type":"article","og_title":"SISTEMAS ELECTRICOS - MAQUICAT S.A.C.","og_description":"EVALUACION Y DIAGNOSTICO DE FALLAS \u00a0EL\u00c9CTRICASen equipos: CAT, KOMATSU, JCB y otrosPROCEDIMIENTOS DE MEDICI\u00d3N :\u00a0ET - com adapter 3, VIMS, VIDS, SERVICE TOOL,- Evaluaci\u00f3n y Diagnostico de fallas del sistema el\u00e9ctrico.- Soluci\u00f3n\u00a0a fallas comunes al momento.- Construcci\u00f3n\u00a0y reparaci\u00f3n\u00a0de Harness y componentes electricos.- Calibraciones del sistema electr\u00f3nico con herramienta ET: Flasheo, configuraci\u00f3n y ajustes del sistema [&hellip;]","og_url":"https:\/\/www.maquicat.com\/website\/home\/que-ofrecemos\/servicios\/sistemas-electricos\/","og_site_name":"MAQUICAT S.A.C.","article_modified_time":"2018-05-24T19:59:56+00:00","og_image":[{"url":"http:\/\/www.maquicat.com\/website\/wp-content\/uploads\/2015\/10\/P1040873.jpg","type":"","width":"","height":""}],"twitter_card":"summary_large_image","twitter_misc":{"Tiempo de lectura":"1 minuto"},"schema":{"@context":"https:\/\/schema.org","@graph":[{"@type":"WebPage","@id":"https:\/\/www.maquicat.com\/website\/home\/que-ofrecemos\/servicios\/sistemas-electricos\/","url":"https:\/\/www.maquicat.com\/website\/home\/que-ofrecemos\/servicios\/sistemas-electricos\/","name":"SISTEMAS ELECTRICOS - MAQUICAT S.A.C.","isPartOf":{"@id":"https:\/\/www.maquicat.com\/website\/home\/#website"},"primaryImageOfPage":{"@id":"https:\/\/www.maquicat.com\/website\/home\/que-ofrecemos\/servicios\/sistemas-electricos\/#primaryimage"},"image":{"@id":"https:\/\/www.maquicat.com\/website\/home\/que-ofrecemos\/servicios\/sistemas-electricos\/#primaryimage"},"thumbnailUrl":"http:\/\/www.maquicat.com\/website\/wp-content\/uploads\/2015\/10\/P1040873.jpg","datePublished":"2015-10-13T21:17:08+00:00","dateModified":"2018-05-24T19:59:56+00:00","breadcrumb":{"@id":"https:\/\/www.maquicat.com\/website\/home\/que-ofrecemos\/servicios\/sistemas-electricos\/#breadcrumb"},"inLanguage":"es","potentialAction":[{"@type":"ReadAction","target":["https:\/\/www.maquicat.com\/website\/home\/que-ofrecemos\/servicios\/sistemas-electricos\/"]}]},{"@type":"ImageObject","inLanguage":"es","@id":"https:\/\/www.maquicat.com\/website\/home\/que-ofrecemos\/servicios\/sistemas-electricos\/#primaryimage","url":"http:\/\/www.maquicat.com\/website\/wp-content\/uploads\/2015\/10\/P1040873.jpg","contentUrl":"http:\/\/www.maquicat.com\/website\/wp-content\/uploads\/2015\/10\/P1040873.jpg"},{"@type":"BreadcrumbList","@id":"https:\/\/www.maquicat.com\/website\/home\/que-ofrecemos\/servicios\/sistemas-electricos\/#breadcrumb","itemListElement":[{"@type":"ListItem","position":1,"name":"Portada","item":"https:\/\/www.maquicat.com\/website\/home\/"},{"@type":"ListItem","position":2,"name":"QUE OFRECEMOS","item":"https:\/\/www.maquicat.com\/website\/home\/que-ofrecemos\/"},{"@type":"ListItem","position":3,"name":"SERVICIOS","item":"https:\/\/www.maquicat.com\/website\/home\/que-ofrecemos\/servicios\/"},{"@type":"ListItem","position":4,"name":"SISTEMAS ELECTRICOS"}]},{"@type":"WebSite","@id":"https:\/\/www.maquicat.com\/website\/home\/#website","url":"https:\/\/www.maquicat.com\/website\/home\/","name":"MAQUICAT S.A.C.","description":"REPARACI\u00d3N DE MAQUINARIA PESADA \u25a0\u25a0\u25a0TELF. 945045270","publisher":{"@id":"https:\/\/www.maquicat.com\/website\/home\/#organization"},"potentialAction":[{"@type":"SearchAction","target":{"@type":"EntryPoint","urlTemplate":"https:\/\/www.maquicat.com\/website\/home\/?s={search_term_string}"},"query-input":{"@type":"PropertyValueSpecification","valueRequired":true,"valueName":"search_term_string"}}],"inLanguage":"es"},{"@type":"Organization","@id":"https:\/\/www.maquicat.com\/website\/home\/#organization","name":"maquicat SAC","url":"https:\/\/www.maquicat.com\/website\/home\/","logo":{"@type":"ImageObject","inLanguage":"es","@id":"https:\/\/www.maquicat.com\/website\/home\/#\/schema\/logo\/image\/","url":"https:\/\/www.maquicat.com\/website\/wp-content\/uploads\/2015\/11\/logo_maqX2.png","contentUrl":"https:\/\/www.maquicat.com\/website\/wp-content\/uploads\/2015\/11\/logo_maqX2.png","width":476,"height":110,"caption":"maquicat SAC"},"image":{"@id":"https:\/\/www.maquicat.com\/website\/home\/#\/schema\/logo\/image\/"}}]}},"_links":{"self":[{"href":"https:\/\/www.maquicat.com\/website\/home\/wp-json\/wp\/v2\/pages\/79","targetHints":{"allow":["GET"]}}],"collection":[{"href":"https:\/\/www.maquicat.com\/website\/home\/wp-json\/wp\/v2\/pages"}],"about":[{"href":"https:\/\/www.maquicat.com\/website\/home\/wp-json\/wp\/v2\/types\/page"}],"author":[{"embeddable":true,"href":"https:\/\/www.maquicat.com\/website\/home\/wp-json\/wp\/v2\/users\/1"}],"replies":[{"embeddable":true,"href":"https:\/\/www.maquicat.com\/website\/home\/wp-json\/wp\/v2\/comments?post=79"}],"version-history":[{"count":8,"href":"https:\/\/www.maquicat.com\/website\/home\/wp-json\/wp\/v2\/pages\/79\/revisions"}],"predecessor-version":[{"id":610,"href":"https:\/\/www.maquicat.com\/website\/home\/wp-json\/wp\/v2\/pages\/79\/revisions\/610"}],"up":[{"embeddable":true,"href":"https:\/\/www.maquicat.com\/website\/home\/wp-json\/wp\/v2\/pages\/56"}],"wp:attachment":[{"href":"https:\/\/www.maquicat.com\/website\/home\/wp-json\/wp\/v2\/media?parent=79"}],"curies":[{"name":"wp","href":"https:\/\/api.w.org\/{rel}","templated":true}]}}