{"id":74,"date":"2015-10-13T17:37:42","date_gmt":"2015-10-13T17:37:42","guid":{"rendered":"http:\/\/www.maquicat.com\/website\/home\/?page_id=74"},"modified":"2018-05-24T15:05:42","modified_gmt":"2018-05-24T20:05:42","slug":"motores-2","status":"publish","type":"page","link":"https:\/\/www.maquicat.com\/website\/home\/que-ofrecemos\/servicios\/motores-2\/","title":{"rendered":"MOTORES DE COMBUSTION"},"content":{"rendered":"<div id=\"pl-74\"  class=\"panel-layout\" ><div id=\"pg-74-0\"  class=\"panel-grid panel-no-style\" ><div id=\"pgc-74-0-0\"  class=\"panel-grid-cell\" ><div id=\"panel-74-0-0-0\" class=\"so-panel widget widget_sow-editor panel-first-child\" data-index=\"0\" ><div class=\"panel-widget-style panel-widget-style-for-74-0-0-0\" ><div\n\t\t\t\n\t\t\tclass=\"so-widget-sow-editor so-widget-sow-editor-base\"\n\t\t\t\n\t\t>\n<div class=\"siteorigin-widget-tinymce textwidget\">\n\t<h1 style=\"padding-left: 30px; text-align: center;\">REPARACI\u00d3N Y MANTENIMIENTO DE MOTORES DE MAQUINARIA PESADA<\/h1>\n<ul>\n<li><span style=\"color: #000080;\"><strong>- Evaluaci\u00f3n de motores de combusti\u00f3n empleando instrumentos espec\u00edficos.<\/strong><\/span><\/li>\n<li><span style=\"color: #000080;\"><strong>- Reparaci\u00f3n parcial o general.<\/strong><\/span><\/li>\n<li><span style=\"color: #000080;\"><strong>- Reparaciones preventivas, correctivas y predictivas.<\/strong><\/span><\/li>\n<li><span style=\"color: #000080;\"><strong>- Regulaci\u00f3n y calibraci\u00f3n de v\u00e1lvulas<\/strong><\/span><\/li>\n<li><span style=\"color: #000080;\"><strong>- Regulaci\u00f3n y calibraci\u00f3n del sistema de inyecci\u00f3n<\/strong><\/span><\/li>\n<li><span style=\"color: #000080;\"><strong>- Instalaci\u00f3n de Motores en maquina.<\/strong><\/span><\/li>\n<li><span style=\"color: #000080;\"><strong>- Prueba y seguimiento de componente reparado<\/strong><\/span><\/li>\n<\/ul>\n<p><strong><em><a href=\"tel:945045270\">Solicitar Servicio<\/a><\/em><\/strong><\/p>\n<\/div>\n<\/div><\/div><\/div><div id=\"panel-74-0-0-1\" class=\"so-panel widget widget_sow-slider panel-last-child\" data-index=\"1\" ><div class=\"panel-widget-style panel-widget-style-for-74-0-0-1\" ><div\n\t\t\t\n\t\t\tclass=\"so-widget-sow-slider so-widget-sow-slider-default-5d70f19cacf8-74\"\n\t\t\t\n\t\t>\t\t\t\t<div class=\"sow-slider-base\" style=\"display: none\" tabindex=\"0\">\n\t\t\t\t\t<ul\n\t\t\t\t\tclass=\"sow-slider-images\"\n\t\t\t\t\tdata-settings=\"{&quot;pagination&quot;:true,&quot;speed&quot;:800,&quot;timeout&quot;:8000,&quot;paused&quot;:false,&quot;pause_on_hover&quot;:false,&quot;swipe&quot;:true,&quot;nav_always_show_desktop&quot;:&quot;&quot;,&quot;nav_always_show_mobile&quot;:&quot;&quot;,&quot;breakpoint&quot;:&quot;780px&quot;,&quot;unmute&quot;:false,&quot;anchor&quot;:null}\"\n\t\t\t\t\t\t\t\t\t\tdata-anchor-id=\"\"\n\t\t\t\t>\t\t<li class=\"sow-slider-image\" style=\"visibility: visible;\" >\n\t\t\t\t\t\t<div class=\"sow-slider-image-container\">\n\t\t\t\t<div class=\"sow-slider-image-wrapper\" style=\"max-width: 1080px\">\n\t\t\t\t\t\t\t\t\t\t<div class=\"sow-slider-image-foreground-wrapper\">\n\t\t\t\t\t\t<img loading=\"lazy\" decoding=\"async\" width=\"1080\" height=\"810\" src=\"https:\/\/www.maquicat.com\/website\/wp-content\/uploads\/2018\/05\/P1080336.jpg\" class=\"sow-slider-foreground-image\" alt=\"\" style=\"\" srcset=\"https:\/\/www.maquicat.com\/website\/wp-content\/uploads\/2018\/05\/P1080336.jpg 1080w, https:\/\/www.maquicat.com\/website\/wp-content\/uploads\/2018\/05\/P1080336-300x225.jpg 300w, https:\/\/www.maquicat.com\/website\/wp-content\/uploads\/2018\/05\/P1080336-768x576.jpg 768w, https:\/\/www.maquicat.com\/website\/wp-content\/uploads\/2018\/05\/P1080336-1024x768.jpg 1024w, https:\/\/www.maquicat.com\/website\/wp-content\/uploads\/2018\/05\/P1080336-24x18.jpg 24w, https:\/\/www.maquicat.com\/website\/wp-content\/uploads\/2018\/05\/P1080336-36x27.jpg 36w, https:\/\/www.maquicat.com\/website\/wp-content\/uploads\/2018\/05\/P1080336-48x36.jpg 48w\" sizes=\"auto, (max-width: 1080px) 100vw, 1080px\" \/>\t\t\t\t\t<\/div>\n\t\t\t\t\t\t\t\t\t<\/div>\n\t\t\t<\/div>\n\t\t\t\t\t<\/li>\n\t\t\t\t<li class=\"sow-slider-image\" style=\"visibility: hidden;\" >\n\t\t\t\t\t\t<div class=\"sow-slider-image-container\">\n\t\t\t\t<div class=\"sow-slider-image-wrapper\" style=\"max-width: 1920px\">\n\t\t\t\t\t\t\t\t\t\t<div class=\"sow-slider-image-foreground-wrapper\">\n\t\t\t\t\t\t<img loading=\"lazy\" decoding=\"async\" width=\"1920\" height=\"1440\" src=\"https:\/\/www.maquicat.com\/website\/wp-content\/uploads\/2015\/10\/P1070452-e1445217583343.jpg\" class=\"sow-slider-foreground-image\" alt=\"\" style=\"\" \/>\t\t\t\t\t<\/div>\n\t\t\t\t\t\t\t\t\t<\/div>\n\t\t\t<\/div>\n\t\t\t\t\t<\/li>\n\t\t\t\t<li class=\"sow-slider-image\" style=\"visibility: hidden;\" >\n\t\t\t\t\t\t<div class=\"sow-slider-image-container\">\n\t\t\t\t<div class=\"sow-slider-image-wrapper\" style=\"max-width: 1280px\">\n\t\t\t\t\t\t\t\t\t\t<div class=\"sow-slider-image-foreground-wrapper\">\n\t\t\t\t\t\t<img loading=\"lazy\" decoding=\"async\" width=\"1280\" height=\"721\" src=\"https:\/\/www.maquicat.com\/website\/wp-content\/uploads\/2015\/10\/P1070416-e1450191615552.jpg\" class=\"sow-slider-foreground-image\" alt=\"\" style=\"\" \/>\t\t\t\t\t<\/div>\n\t\t\t\t\t\t\t\t\t<\/div>\n\t\t\t<\/div>\n\t\t\t\t\t<\/li>\n\t\t<\/ul>\t\t\t\t<ol class=\"sow-slider-pagination\">\n\t\t\t\t\t\t\t\t\t\t\t<li><a href=\"#\" data-goto=\"0\" aria-label=\"mostrar diapositiva 1\"><\/a><\/li>\n\t\t\t\t\t\t\t\t\t\t\t<li><a href=\"#\" data-goto=\"1\" aria-label=\"mostrar diapositiva 2\"><\/a><\/li>\n\t\t\t\t\t\t\t\t\t\t\t<li><a href=\"#\" data-goto=\"2\" aria-label=\"mostrar diapositiva 3\"><\/a><\/li>\n\t\t\t\t\t\t\t\t\t<\/ol>\n\n\t\t\t\t<div class=\"sow-slide-nav sow-slide-nav-next\">\n\t\t\t\t\t<a href=\"#\" data-goto=\"next\" aria-label=\"diapositiva siguiente\" data-action=\"next\">\n\t\t\t\t\t\t<em class=\"sow-sld-icon-thin-rounded-right\"><\/em>\n\t\t\t\t\t<\/a>\n\t\t\t\t<\/div>\n\n\t\t\t\t<div class=\"sow-slide-nav sow-slide-nav-prev\">\n\t\t\t\t\t<a href=\"#\" data-goto=\"previous\" aria-label=\"diapositiva anterior\" data-action=\"prev\">\n\t\t\t\t\t\t<em class=\"sow-sld-icon-thin-rounded-left\"><\/em>\n\t\t\t\t\t<\/a>\n\t\t\t\t<\/div>\n\t\t\t\t<\/div><\/div><\/div><\/div><\/div><\/div><\/div>","protected":false},"excerpt":{"rendered":"<p>REPARACI\u00d3N Y MANTENIMIENTO DE MOTORES DE MAQUINARIA PESADA- Evaluaci\u00f3n de motores de combusti\u00f3n empleando instrumentos espec\u00edficos.- Reparaci\u00f3n parcial o general.- Reparaciones preventivas, correctivas y predictivas.- Regulaci\u00f3n y calibraci\u00f3n de v\u00e1lvulas- Regulaci\u00f3n y calibraci\u00f3n del sistema de inyecci\u00f3n- Instalaci\u00f3n de Motores en maquina.- Prueba y seguimiento de componente reparadoSolicitar Servicio<\/p>\n","protected":false},"author":1,"featured_media":182,"parent":56,"menu_order":0,"comment_status":"closed","ping_status":"closed","template":"","meta":{"footnotes":""},"class_list":["post-74","page","type-page","status-publish","has-post-thumbnail","hentry"],"yoast_head":"<!-- This site is optimized with the Yoast SEO plugin v24.2 - https:\/\/yoast.com\/wordpress\/plugins\/seo\/ -->\n<title>MOTORES DE COMBUSTION - MAQUICAT S.A.C.<\/title>\n<meta name=\"robots\" content=\"index, follow, max-snippet:-1, max-image-preview:large, max-video-preview:-1\" \/>\n<link rel=\"canonical\" href=\"https:\/\/www.maquicat.com\/website\/home\/que-ofrecemos\/servicios\/motores-2\/\" \/>\n<meta property=\"og:locale\" content=\"es_ES\" \/>\n<meta property=\"og:type\" content=\"article\" \/>\n<meta property=\"og:title\" content=\"MOTORES DE COMBUSTION - MAQUICAT S.A.C.\" \/>\n<meta property=\"og:description\" content=\"REPARACI\u00d3N Y MANTENIMIENTO DE MOTORES DE MAQUINARIA PESADA- Evaluaci\u00f3n de motores de combusti\u00f3n empleando instrumentos espec\u00edficos.- Reparaci\u00f3n parcial o general.- Reparaciones preventivas, correctivas y predictivas.- Regulaci\u00f3n y calibraci\u00f3n de v\u00e1lvulas- Regulaci\u00f3n y calibraci\u00f3n del sistema de inyecci\u00f3n- Instalaci\u00f3n de Motores en maquina.- Prueba y seguimiento de componente reparadoSolicitar Servicio\" \/>\n<meta property=\"og:url\" content=\"https:\/\/www.maquicat.com\/website\/home\/que-ofrecemos\/servicios\/motores-2\/\" \/>\n<meta property=\"og:site_name\" content=\"MAQUICAT S.A.C.\" \/>\n<meta property=\"article:modified_time\" content=\"2018-05-24T20:05:42+00:00\" \/>\n<meta property=\"og:image\" content=\"https:\/\/www.maquicat.com\/website\/wp-content\/uploads\/2015\/10\/P1070416-e1450191615552.jpg\" \/>\n\t<meta property=\"og:image:width\" content=\"1280\" \/>\n\t<meta property=\"og:image:height\" content=\"721\" \/>\n\t<meta property=\"og:image:type\" content=\"image\/jpeg\" \/>\n<meta name=\"twitter:card\" content=\"summary_large_image\" \/>\n<script type=\"application\/ld+json\" class=\"yoast-schema-graph\">{\"@context\":\"https:\/\/schema.org\",\"@graph\":[{\"@type\":\"WebPage\",\"@id\":\"https:\/\/www.maquicat.com\/website\/home\/que-ofrecemos\/servicios\/motores-2\/\",\"url\":\"https:\/\/www.maquicat.com\/website\/home\/que-ofrecemos\/servicios\/motores-2\/\",\"name\":\"MOTORES DE COMBUSTION - MAQUICAT S.A.C.\",\"isPartOf\":{\"@id\":\"https:\/\/www.maquicat.com\/website\/home\/#website\"},\"primaryImageOfPage\":{\"@id\":\"https:\/\/www.maquicat.com\/website\/home\/que-ofrecemos\/servicios\/motores-2\/#primaryimage\"},\"image\":{\"@id\":\"https:\/\/www.maquicat.com\/website\/home\/que-ofrecemos\/servicios\/motores-2\/#primaryimage\"},\"thumbnailUrl\":\"https:\/\/www.maquicat.com\/website\/wp-content\/uploads\/2015\/10\/P1070416-e1450191615552.jpg\",\"datePublished\":\"2015-10-13T17:37:42+00:00\",\"dateModified\":\"2018-05-24T20:05:42+00:00\",\"breadcrumb\":{\"@id\":\"https:\/\/www.maquicat.com\/website\/home\/que-ofrecemos\/servicios\/motores-2\/#breadcrumb\"},\"inLanguage\":\"es\",\"potentialAction\":[{\"@type\":\"ReadAction\",\"target\":[\"https:\/\/www.maquicat.com\/website\/home\/que-ofrecemos\/servicios\/motores-2\/\"]}]},{\"@type\":\"ImageObject\",\"inLanguage\":\"es\",\"@id\":\"https:\/\/www.maquicat.com\/website\/home\/que-ofrecemos\/servicios\/motores-2\/#primaryimage\",\"url\":\"https:\/\/www.maquicat.com\/website\/wp-content\/uploads\/2015\/10\/P1070416-e1450191615552.jpg\",\"contentUrl\":\"https:\/\/www.maquicat.com\/website\/wp-content\/uploads\/2015\/10\/P1070416-e1450191615552.jpg\",\"width\":1280,\"height\":721},{\"@type\":\"BreadcrumbList\",\"@id\":\"https:\/\/www.maquicat.com\/website\/home\/que-ofrecemos\/servicios\/motores-2\/#breadcrumb\",\"itemListElement\":[{\"@type\":\"ListItem\",\"position\":1,\"name\":\"Portada\",\"item\":\"https:\/\/www.maquicat.com\/website\/home\/\"},{\"@type\":\"ListItem\",\"position\":2,\"name\":\"QUE OFRECEMOS\",\"item\":\"https:\/\/www.maquicat.com\/website\/home\/que-ofrecemos\/\"},{\"@type\":\"ListItem\",\"position\":3,\"name\":\"SERVICIOS\",\"item\":\"https:\/\/www.maquicat.com\/website\/home\/que-ofrecemos\/servicios\/\"},{\"@type\":\"ListItem\",\"position\":4,\"name\":\"MOTORES DE COMBUSTION\"}]},{\"@type\":\"WebSite\",\"@id\":\"https:\/\/www.maquicat.com\/website\/home\/#website\",\"url\":\"https:\/\/www.maquicat.com\/website\/home\/\",\"name\":\"MAQUICAT S.A.C.\",\"description\":\"REPARACI\u00d3N DE MAQUINARIA PESADA \u25a0\u25a0\u25a0TELF. 945045270\",\"publisher\":{\"@id\":\"https:\/\/www.maquicat.com\/website\/home\/#organization\"},\"potentialAction\":[{\"@type\":\"SearchAction\",\"target\":{\"@type\":\"EntryPoint\",\"urlTemplate\":\"https:\/\/www.maquicat.com\/website\/home\/?s={search_term_string}\"},\"query-input\":{\"@type\":\"PropertyValueSpecification\",\"valueRequired\":true,\"valueName\":\"search_term_string\"}}],\"inLanguage\":\"es\"},{\"@type\":\"Organization\",\"@id\":\"https:\/\/www.maquicat.com\/website\/home\/#organization\",\"name\":\"maquicat SAC\",\"url\":\"https:\/\/www.maquicat.com\/website\/home\/\",\"logo\":{\"@type\":\"ImageObject\",\"inLanguage\":\"es\",\"@id\":\"https:\/\/www.maquicat.com\/website\/home\/#\/schema\/logo\/image\/\",\"url\":\"https:\/\/www.maquicat.com\/website\/wp-content\/uploads\/2015\/11\/logo_maqX2.png\",\"contentUrl\":\"https:\/\/www.maquicat.com\/website\/wp-content\/uploads\/2015\/11\/logo_maqX2.png\",\"width\":476,\"height\":110,\"caption\":\"maquicat SAC\"},\"image\":{\"@id\":\"https:\/\/www.maquicat.com\/website\/home\/#\/schema\/logo\/image\/\"}}]}<\/script>\n<!-- \/ Yoast SEO plugin. -->","yoast_head_json":{"title":"MOTORES DE COMBUSTION - MAQUICAT S.A.C.","robots":{"index":"index","follow":"follow","max-snippet":"max-snippet:-1","max-image-preview":"max-image-preview:large","max-video-preview":"max-video-preview:-1"},"canonical":"https:\/\/www.maquicat.com\/website\/home\/que-ofrecemos\/servicios\/motores-2\/","og_locale":"es_ES","og_type":"article","og_title":"MOTORES DE COMBUSTION - MAQUICAT S.A.C.","og_description":"REPARACI\u00d3N Y MANTENIMIENTO DE MOTORES DE MAQUINARIA PESADA- Evaluaci\u00f3n de motores de combusti\u00f3n empleando instrumentos espec\u00edficos.- Reparaci\u00f3n parcial o general.- Reparaciones preventivas, correctivas y predictivas.- Regulaci\u00f3n y calibraci\u00f3n de v\u00e1lvulas- Regulaci\u00f3n y calibraci\u00f3n del sistema de inyecci\u00f3n- Instalaci\u00f3n de Motores en maquina.- Prueba y seguimiento de componente reparadoSolicitar Servicio","og_url":"https:\/\/www.maquicat.com\/website\/home\/que-ofrecemos\/servicios\/motores-2\/","og_site_name":"MAQUICAT S.A.C.","article_modified_time":"2018-05-24T20:05:42+00:00","og_image":[{"width":1280,"height":721,"url":"https:\/\/www.maquicat.com\/website\/wp-content\/uploads\/2015\/10\/P1070416-e1450191615552.jpg","type":"image\/jpeg"}],"twitter_card":"summary_large_image","schema":{"@context":"https:\/\/schema.org","@graph":[{"@type":"WebPage","@id":"https:\/\/www.maquicat.com\/website\/home\/que-ofrecemos\/servicios\/motores-2\/","url":"https:\/\/www.maquicat.com\/website\/home\/que-ofrecemos\/servicios\/motores-2\/","name":"MOTORES DE COMBUSTION - MAQUICAT S.A.C.","isPartOf":{"@id":"https:\/\/www.maquicat.com\/website\/home\/#website"},"primaryImageOfPage":{"@id":"https:\/\/www.maquicat.com\/website\/home\/que-ofrecemos\/servicios\/motores-2\/#primaryimage"},"image":{"@id":"https:\/\/www.maquicat.com\/website\/home\/que-ofrecemos\/servicios\/motores-2\/#primaryimage"},"thumbnailUrl":"https:\/\/www.maquicat.com\/website\/wp-content\/uploads\/2015\/10\/P1070416-e1450191615552.jpg","datePublished":"2015-10-13T17:37:42+00:00","dateModified":"2018-05-24T20:05:42+00:00","breadcrumb":{"@id":"https:\/\/www.maquicat.com\/website\/home\/que-ofrecemos\/servicios\/motores-2\/#breadcrumb"},"inLanguage":"es","potentialAction":[{"@type":"ReadAction","target":["https:\/\/www.maquicat.com\/website\/home\/que-ofrecemos\/servicios\/motores-2\/"]}]},{"@type":"ImageObject","inLanguage":"es","@id":"https:\/\/www.maquicat.com\/website\/home\/que-ofrecemos\/servicios\/motores-2\/#primaryimage","url":"https:\/\/www.maquicat.com\/website\/wp-content\/uploads\/2015\/10\/P1070416-e1450191615552.jpg","contentUrl":"https:\/\/www.maquicat.com\/website\/wp-content\/uploads\/2015\/10\/P1070416-e1450191615552.jpg","width":1280,"height":721},{"@type":"BreadcrumbList","@id":"https:\/\/www.maquicat.com\/website\/home\/que-ofrecemos\/servicios\/motores-2\/#breadcrumb","itemListElement":[{"@type":"ListItem","position":1,"name":"Portada","item":"https:\/\/www.maquicat.com\/website\/home\/"},{"@type":"ListItem","position":2,"name":"QUE OFRECEMOS","item":"https:\/\/www.maquicat.com\/website\/home\/que-ofrecemos\/"},{"@type":"ListItem","position":3,"name":"SERVICIOS","item":"https:\/\/www.maquicat.com\/website\/home\/que-ofrecemos\/servicios\/"},{"@type":"ListItem","position":4,"name":"MOTORES DE COMBUSTION"}]},{"@type":"WebSite","@id":"https:\/\/www.maquicat.com\/website\/home\/#website","url":"https:\/\/www.maquicat.com\/website\/home\/","name":"MAQUICAT S.A.C.","description":"REPARACI\u00d3N DE MAQUINARIA PESADA \u25a0\u25a0\u25a0TELF. 945045270","publisher":{"@id":"https:\/\/www.maquicat.com\/website\/home\/#organization"},"potentialAction":[{"@type":"SearchAction","target":{"@type":"EntryPoint","urlTemplate":"https:\/\/www.maquicat.com\/website\/home\/?s={search_term_string}"},"query-input":{"@type":"PropertyValueSpecification","valueRequired":true,"valueName":"search_term_string"}}],"inLanguage":"es"},{"@type":"Organization","@id":"https:\/\/www.maquicat.com\/website\/home\/#organization","name":"maquicat SAC","url":"https:\/\/www.maquicat.com\/website\/home\/","logo":{"@type":"ImageObject","inLanguage":"es","@id":"https:\/\/www.maquicat.com\/website\/home\/#\/schema\/logo\/image\/","url":"https:\/\/www.maquicat.com\/website\/wp-content\/uploads\/2015\/11\/logo_maqX2.png","contentUrl":"https:\/\/www.maquicat.com\/website\/wp-content\/uploads\/2015\/11\/logo_maqX2.png","width":476,"height":110,"caption":"maquicat SAC"},"image":{"@id":"https:\/\/www.maquicat.com\/website\/home\/#\/schema\/logo\/image\/"}}]}},"_links":{"self":[{"href":"https:\/\/www.maquicat.com\/website\/home\/wp-json\/wp\/v2\/pages\/74","targetHints":{"allow":["GET"]}}],"collection":[{"href":"https:\/\/www.maquicat.com\/website\/home\/wp-json\/wp\/v2\/pages"}],"about":[{"href":"https:\/\/www.maquicat.com\/website\/home\/wp-json\/wp\/v2\/types\/page"}],"author":[{"embeddable":true,"href":"https:\/\/www.maquicat.com\/website\/home\/wp-json\/wp\/v2\/users\/1"}],"replies":[{"embeddable":true,"href":"https:\/\/www.maquicat.com\/website\/home\/wp-json\/wp\/v2\/comments?post=74"}],"version-history":[{"count":17,"href":"https:\/\/www.maquicat.com\/website\/home\/wp-json\/wp\/v2\/pages\/74\/revisions"}],"predecessor-version":[{"id":611,"href":"https:\/\/www.maquicat.com\/website\/home\/wp-json\/wp\/v2\/pages\/74\/revisions\/611"}],"up":[{"embeddable":true,"href":"https:\/\/www.maquicat.com\/website\/home\/wp-json\/wp\/v2\/pages\/56"}],"wp:featuredmedia":[{"embeddable":true,"href":"https:\/\/www.maquicat.com\/website\/home\/wp-json\/wp\/v2\/media\/182"}],"wp:attachment":[{"href":"https:\/\/www.maquicat.com\/website\/home\/wp-json\/wp\/v2\/media?parent=74"}],"curies":[{"name":"wp","href":"https:\/\/api.w.org\/{rel}","templated":true}]}}