{"id":62,"date":"2015-10-13T17:31:52","date_gmt":"2015-10-13T17:31:52","guid":{"rendered":"http:\/\/www.maquicat.com\/website\/home\/?page_id=62"},"modified":"2017-09-07T19:04:27","modified_gmt":"2017-09-08T00:04:27","slug":"transmision","status":"publish","type":"page","link":"https:\/\/www.maquicat.com\/website\/home\/que-ofrecemos\/servicios\/transmision\/","title":{"rendered":"SISTEMAS DE TRANSMISION"},"content":{"rendered":"<div id=\"pl-62\"  class=\"panel-layout\" ><div id=\"pg-62-0\"  class=\"panel-grid panel-no-style\" ><div id=\"pgc-62-0-0\"  class=\"panel-grid-cell\" ><div id=\"panel-62-0-0-0\" class=\"so-panel widget widget_sow-editor panel-first-child\" data-index=\"0\" ><div class=\"panel-widget-style panel-widget-style-for-62-0-0-0\" ><div\n\t\t\t\n\t\t\tclass=\"so-widget-sow-editor so-widget-sow-editor-base\"\n\t\t\t\n\t\t>\n<div class=\"siteorigin-widget-tinymce textwidget\">\n\t<p>\u00a0<\/p>\n<p style=\"padding-left: 30px;\"><span style=\"color: #000000;\">Los trenes de fuerza sufren desgaste de sus componentes internos. Nuestros especialistas, realizan labores de diagnostico antes del desarmado, (pruebas y ajustes seg\u00fan especificaciones del fabricante)<\/span><\/p>\n<p style=\"padding-left: 30px;\"><span style=\"color: #000000;\">Al encontrar los valores fuera de los rangos establecidos, se procede a la intervenci\u00f3n del equipo.<\/span><\/p>\n<ul>\n<li>\n<p><span style=\"color: #000000;\">- Evaluaci\u00f3n y diagnostico de los componentes involucrados: transmisi\u00f3n, convertidos, bombas, controles. Utilizando herramientas como el ET, Com adapter, Multitester, Tetragauge y Maleta de evaluaci\u00f3n de transmisi\u00f3n.<\/span><\/p>\n<\/li>\n<li>\n<p><span style=\"color: #000000;\">- Desarmado total del componente, limpieza y evaluaci\u00f3n, generaci\u00f3n del estado y lista de repuestos, trabajos exteriores e informes t\u00e9cnico detallado.<\/span><\/p>\n<\/li>\n<li>\n<p><span style=\"color: #000000;\">- M\u00e1xima reusabilidad de componentes aplicando la gu\u00eda y tolerancia del fabricante.<\/span><\/p>\n<\/li>\n<li>\n<p><span style=\"color: #000000;\">- Recuperaci\u00f3n de partes seg\u00fan el proceso que requiera: Metalizado, embocinado, soldadura y maquinado.<\/span><\/p>\n<\/li>\n<li>\n<p><span style=\"color: #000000;\">- Armado del componente siguiendo las recomendaciones de ajustes y tolerancias del fabricante.<\/span><\/p>\n<\/li>\n<li>\n<p><span style=\"color: #000000;\">- Instalaci\u00f3n, pruebas y ajustes de componentes en maquina.<\/span><\/p>\n<\/li>\n<li>\n<p><span style=\"color: #000000;\">- Informe t\u00e9cnico final y entrega de equipo operativo con garant\u00eda de hasta 1 a\u00f1o.<\/span><\/p>\n<\/li>\n<li>\n<p><span style=\"color: #000000;\">- An\u00e1lisis peri\u00f3dicos de aceites para visualizar indice de desgaste de componentes internos.<\/span><\/p>\n<\/li>\n<\/ul>\n<p><strong><em><a href=\"tel:945045270\">Solicitar Servicio<\/a><\/em><\/strong><\/p>\n<\/div>\n<\/div><\/div><\/div><div id=\"panel-62-0-0-1\" class=\"so-panel widget widget_sow-slider panel-last-child\" data-index=\"1\" ><div class=\"panel-widget-style panel-widget-style-for-62-0-0-1\" ><div\n\t\t\t\n\t\t\tclass=\"so-widget-sow-slider so-widget-sow-slider-default-6d39609536fd-62\"\n\t\t\t\n\t\t>\t\t\t\t<div class=\"sow-slider-base\" style=\"display: none\" tabindex=\"0\">\n\t\t\t\t\t<ul\n\t\t\t\t\tclass=\"sow-slider-images\"\n\t\t\t\t\tdata-settings=\"{&quot;pagination&quot;:true,&quot;speed&quot;:800,&quot;timeout&quot;:8000,&quot;paused&quot;:false,&quot;pause_on_hover&quot;:false,&quot;swipe&quot;:true,&quot;nav_always_show_desktop&quot;:&quot;&quot;,&quot;nav_always_show_mobile&quot;:&quot;&quot;,&quot;breakpoint&quot;:&quot;780px&quot;,&quot;unmute&quot;:false,&quot;anchor&quot;:null}\"\n\t\t\t\t\t\t\t\t\t\tdata-anchor-id=\"\"\n\t\t\t\t>\t\t<li class=\"sow-slider-image\" style=\"visibility: visible;\" >\n\t\t\t\t\t\t<div class=\"sow-slider-image-container\">\n\t\t\t\t<div class=\"sow-slider-image-wrapper\" style=\"max-width: 1280px\">\n\t\t\t\t\t\t\t\t\t\t<div class=\"sow-slider-image-foreground-wrapper\">\n\t\t\t\t\t\t<img loading=\"lazy\" decoding=\"async\" width=\"1280\" height=\"960\" src=\"https:\/\/www.maquicat.com\/website\/wp-content\/uploads\/2015\/10\/P1030780-e1450191664191.jpg\" class=\"sow-slider-foreground-image\" alt=\"\" style=\"\" \/>\t\t\t\t\t<\/div>\n\t\t\t\t\t\t\t\t\t<\/div>\n\t\t\t<\/div>\n\t\t\t\t\t<\/li>\n\t\t\t\t<li class=\"sow-slider-image\" style=\"visibility: hidden;\" >\n\t\t\t\t\t\t<div class=\"sow-slider-image-container\">\n\t\t\t\t<div class=\"sow-slider-image-wrapper\" style=\"max-width: 1280px\">\n\t\t\t\t\t\t\t\t\t\t<div class=\"sow-slider-image-foreground-wrapper\">\n\t\t\t\t\t\t<img loading=\"lazy\" decoding=\"async\" width=\"1280\" height=\"960\" src=\"https:\/\/www.maquicat.com\/website\/wp-content\/uploads\/2015\/10\/P1110391-e1450191280858.jpg\" class=\"sow-slider-foreground-image\" alt=\"\" style=\"\" \/>\t\t\t\t\t<\/div>\n\t\t\t\t\t\t\t\t\t<\/div>\n\t\t\t<\/div>\n\t\t\t\t\t<\/li>\n\t\t\t\t<li class=\"sow-slider-image\" style=\"visibility: hidden;\" >\n\t\t\t\t\t\t<div class=\"sow-slider-image-container\">\n\t\t\t\t<div class=\"sow-slider-image-wrapper\" style=\"max-width: 1280px\">\n\t\t\t\t\t\t\t\t\t\t<div class=\"sow-slider-image-foreground-wrapper\">\n\t\t\t\t\t\t<img loading=\"lazy\" decoding=\"async\" width=\"1280\" height=\"960\" src=\"https:\/\/www.maquicat.com\/website\/wp-content\/uploads\/2015\/10\/P1070948-e1450192366333.jpg\" class=\"sow-slider-foreground-image\" alt=\"\" style=\"\" \/>\t\t\t\t\t<\/div>\n\t\t\t\t\t\t\t\t\t<\/div>\n\t\t\t<\/div>\n\t\t\t\t\t<\/li>\n\t\t<\/ul>\t\t\t\t<ol class=\"sow-slider-pagination\">\n\t\t\t\t\t\t\t\t\t\t\t<li><a href=\"#\" data-goto=\"0\" aria-label=\"mostrar diapositiva 1\"><\/a><\/li>\n\t\t\t\t\t\t\t\t\t\t\t<li><a href=\"#\" data-goto=\"1\" aria-label=\"mostrar diapositiva 2\"><\/a><\/li>\n\t\t\t\t\t\t\t\t\t\t\t<li><a href=\"#\" data-goto=\"2\" aria-label=\"mostrar diapositiva 3\"><\/a><\/li>\n\t\t\t\t\t\t\t\t\t<\/ol>\n\n\t\t\t\t<div class=\"sow-slide-nav sow-slide-nav-next\">\n\t\t\t\t\t<a href=\"#\" data-goto=\"next\" aria-label=\"diapositiva siguiente\" data-action=\"next\">\n\t\t\t\t\t\t<em class=\"sow-sld-icon-thin-right\"><\/em>\n\t\t\t\t\t<\/a>\n\t\t\t\t<\/div>\n\n\t\t\t\t<div class=\"sow-slide-nav sow-slide-nav-prev\">\n\t\t\t\t\t<a href=\"#\" data-goto=\"previous\" aria-label=\"diapositiva anterior\" data-action=\"prev\">\n\t\t\t\t\t\t<em class=\"sow-sld-icon-thin-left\"><\/em>\n\t\t\t\t\t<\/a>\n\t\t\t\t<\/div>\n\t\t\t\t<\/div><\/div><\/div><\/div><\/div><\/div><\/div>","protected":false},"excerpt":{"rendered":"<p>\u00a0Los trenes de fuerza sufren desgaste de sus componentes internos. Nuestros especialistas, realizan labores de diagnostico antes del desarmado, (pruebas y ajustes seg\u00fan especificaciones del fabricante)Al encontrar los valores fuera de los rangos establecidos, se procede a la intervenci\u00f3n del equipo.- Evaluaci\u00f3n y diagnostico de los componentes involucrados: transmisi\u00f3n, convertidos, bombas, controles. Utilizando herramientas como [&hellip;]<\/p>\n","protected":false},"author":1,"featured_media":0,"parent":56,"menu_order":0,"comment_status":"closed","ping_status":"closed","template":"","meta":{"footnotes":""},"class_list":["post-62","page","type-page","status-publish","hentry"],"yoast_head":"<!-- This site is optimized with the Yoast SEO plugin v24.2 - https:\/\/yoast.com\/wordpress\/plugins\/seo\/ -->\n<title>SISTEMAS DE TRANSMISION - MAQUICAT S.A.C.<\/title>\n<meta name=\"robots\" content=\"index, follow, max-snippet:-1, max-image-preview:large, max-video-preview:-1\" \/>\n<link rel=\"canonical\" href=\"https:\/\/www.maquicat.com\/website\/home\/que-ofrecemos\/servicios\/transmision\/\" \/>\n<meta property=\"og:locale\" content=\"es_ES\" \/>\n<meta property=\"og:type\" content=\"article\" \/>\n<meta property=\"og:title\" content=\"SISTEMAS DE TRANSMISION - MAQUICAT S.A.C.\" \/>\n<meta property=\"og:description\" content=\"\u00a0Los trenes de fuerza sufren desgaste de sus componentes internos. Nuestros especialistas, realizan labores de diagnostico antes del desarmado, (pruebas y ajustes seg\u00fan especificaciones del fabricante)Al encontrar los valores fuera de los rangos establecidos, se procede a la intervenci\u00f3n del equipo.- Evaluaci\u00f3n y diagnostico de los componentes involucrados: transmisi\u00f3n, convertidos, bombas, controles. Utilizando herramientas como [&hellip;]\" \/>\n<meta property=\"og:url\" content=\"https:\/\/www.maquicat.com\/website\/home\/que-ofrecemos\/servicios\/transmision\/\" \/>\n<meta property=\"og:site_name\" content=\"MAQUICAT S.A.C.\" \/>\n<meta property=\"article:modified_time\" content=\"2017-09-08T00:04:27+00:00\" \/>\n<meta property=\"og:image\" content=\"http:\/\/www.maquicat.com\/website\/wp-content\/uploads\/2015\/10\/P1030780-e1450191664191.jpg\" \/>\n<meta name=\"twitter:card\" content=\"summary_large_image\" \/>\n<meta name=\"twitter:label1\" content=\"Tiempo de lectura\" \/>\n\t<meta name=\"twitter:data1\" content=\"1 minuto\" \/>\n<script type=\"application\/ld+json\" class=\"yoast-schema-graph\">{\"@context\":\"https:\/\/schema.org\",\"@graph\":[{\"@type\":\"WebPage\",\"@id\":\"https:\/\/www.maquicat.com\/website\/home\/que-ofrecemos\/servicios\/transmision\/\",\"url\":\"https:\/\/www.maquicat.com\/website\/home\/que-ofrecemos\/servicios\/transmision\/\",\"name\":\"SISTEMAS DE TRANSMISION - MAQUICAT S.A.C.\",\"isPartOf\":{\"@id\":\"https:\/\/www.maquicat.com\/website\/home\/#website\"},\"primaryImageOfPage\":{\"@id\":\"https:\/\/www.maquicat.com\/website\/home\/que-ofrecemos\/servicios\/transmision\/#primaryimage\"},\"image\":{\"@id\":\"https:\/\/www.maquicat.com\/website\/home\/que-ofrecemos\/servicios\/transmision\/#primaryimage\"},\"thumbnailUrl\":\"http:\/\/www.maquicat.com\/website\/wp-content\/uploads\/2015\/10\/P1030780-e1450191664191.jpg\",\"datePublished\":\"2015-10-13T17:31:52+00:00\",\"dateModified\":\"2017-09-08T00:04:27+00:00\",\"breadcrumb\":{\"@id\":\"https:\/\/www.maquicat.com\/website\/home\/que-ofrecemos\/servicios\/transmision\/#breadcrumb\"},\"inLanguage\":\"es\",\"potentialAction\":[{\"@type\":\"ReadAction\",\"target\":[\"https:\/\/www.maquicat.com\/website\/home\/que-ofrecemos\/servicios\/transmision\/\"]}]},{\"@type\":\"ImageObject\",\"inLanguage\":\"es\",\"@id\":\"https:\/\/www.maquicat.com\/website\/home\/que-ofrecemos\/servicios\/transmision\/#primaryimage\",\"url\":\"http:\/\/www.maquicat.com\/website\/wp-content\/uploads\/2015\/10\/P1030780-e1450191664191.jpg\",\"contentUrl\":\"http:\/\/www.maquicat.com\/website\/wp-content\/uploads\/2015\/10\/P1030780-e1450191664191.jpg\"},{\"@type\":\"BreadcrumbList\",\"@id\":\"https:\/\/www.maquicat.com\/website\/home\/que-ofrecemos\/servicios\/transmision\/#breadcrumb\",\"itemListElement\":[{\"@type\":\"ListItem\",\"position\":1,\"name\":\"Portada\",\"item\":\"https:\/\/www.maquicat.com\/website\/home\/\"},{\"@type\":\"ListItem\",\"position\":2,\"name\":\"QUE OFRECEMOS\",\"item\":\"https:\/\/www.maquicat.com\/website\/home\/que-ofrecemos\/\"},{\"@type\":\"ListItem\",\"position\":3,\"name\":\"SERVICIOS\",\"item\":\"https:\/\/www.maquicat.com\/website\/home\/que-ofrecemos\/servicios\/\"},{\"@type\":\"ListItem\",\"position\":4,\"name\":\"SISTEMAS DE TRANSMISION\"}]},{\"@type\":\"WebSite\",\"@id\":\"https:\/\/www.maquicat.com\/website\/home\/#website\",\"url\":\"https:\/\/www.maquicat.com\/website\/home\/\",\"name\":\"MAQUICAT S.A.C.\",\"description\":\"REPARACI\u00d3N DE MAQUINARIA PESADA \u25a0\u25a0\u25a0TELF. 945045270\",\"publisher\":{\"@id\":\"https:\/\/www.maquicat.com\/website\/home\/#organization\"},\"potentialAction\":[{\"@type\":\"SearchAction\",\"target\":{\"@type\":\"EntryPoint\",\"urlTemplate\":\"https:\/\/www.maquicat.com\/website\/home\/?s={search_term_string}\"},\"query-input\":{\"@type\":\"PropertyValueSpecification\",\"valueRequired\":true,\"valueName\":\"search_term_string\"}}],\"inLanguage\":\"es\"},{\"@type\":\"Organization\",\"@id\":\"https:\/\/www.maquicat.com\/website\/home\/#organization\",\"name\":\"maquicat SAC\",\"url\":\"https:\/\/www.maquicat.com\/website\/home\/\",\"logo\":{\"@type\":\"ImageObject\",\"inLanguage\":\"es\",\"@id\":\"https:\/\/www.maquicat.com\/website\/home\/#\/schema\/logo\/image\/\",\"url\":\"https:\/\/www.maquicat.com\/website\/wp-content\/uploads\/2015\/11\/logo_maqX2.png\",\"contentUrl\":\"https:\/\/www.maquicat.com\/website\/wp-content\/uploads\/2015\/11\/logo_maqX2.png\",\"width\":476,\"height\":110,\"caption\":\"maquicat SAC\"},\"image\":{\"@id\":\"https:\/\/www.maquicat.com\/website\/home\/#\/schema\/logo\/image\/\"}}]}<\/script>\n<!-- \/ Yoast SEO plugin. -->","yoast_head_json":{"title":"SISTEMAS DE TRANSMISION - MAQUICAT S.A.C.","robots":{"index":"index","follow":"follow","max-snippet":"max-snippet:-1","max-image-preview":"max-image-preview:large","max-video-preview":"max-video-preview:-1"},"canonical":"https:\/\/www.maquicat.com\/website\/home\/que-ofrecemos\/servicios\/transmision\/","og_locale":"es_ES","og_type":"article","og_title":"SISTEMAS DE TRANSMISION - MAQUICAT S.A.C.","og_description":"\u00a0Los trenes de fuerza sufren desgaste de sus componentes internos. Nuestros especialistas, realizan labores de diagnostico antes del desarmado, (pruebas y ajustes seg\u00fan especificaciones del fabricante)Al encontrar los valores fuera de los rangos establecidos, se procede a la intervenci\u00f3n del equipo.- Evaluaci\u00f3n y diagnostico de los componentes involucrados: transmisi\u00f3n, convertidos, bombas, controles. Utilizando herramientas como [&hellip;]","og_url":"https:\/\/www.maquicat.com\/website\/home\/que-ofrecemos\/servicios\/transmision\/","og_site_name":"MAQUICAT S.A.C.","article_modified_time":"2017-09-08T00:04:27+00:00","og_image":[{"url":"http:\/\/www.maquicat.com\/website\/wp-content\/uploads\/2015\/10\/P1030780-e1450191664191.jpg","type":"","width":"","height":""}],"twitter_card":"summary_large_image","twitter_misc":{"Tiempo de lectura":"1 minuto"},"schema":{"@context":"https:\/\/schema.org","@graph":[{"@type":"WebPage","@id":"https:\/\/www.maquicat.com\/website\/home\/que-ofrecemos\/servicios\/transmision\/","url":"https:\/\/www.maquicat.com\/website\/home\/que-ofrecemos\/servicios\/transmision\/","name":"SISTEMAS DE TRANSMISION - MAQUICAT S.A.C.","isPartOf":{"@id":"https:\/\/www.maquicat.com\/website\/home\/#website"},"primaryImageOfPage":{"@id":"https:\/\/www.maquicat.com\/website\/home\/que-ofrecemos\/servicios\/transmision\/#primaryimage"},"image":{"@id":"https:\/\/www.maquicat.com\/website\/home\/que-ofrecemos\/servicios\/transmision\/#primaryimage"},"thumbnailUrl":"http:\/\/www.maquicat.com\/website\/wp-content\/uploads\/2015\/10\/P1030780-e1450191664191.jpg","datePublished":"2015-10-13T17:31:52+00:00","dateModified":"2017-09-08T00:04:27+00:00","breadcrumb":{"@id":"https:\/\/www.maquicat.com\/website\/home\/que-ofrecemos\/servicios\/transmision\/#breadcrumb"},"inLanguage":"es","potentialAction":[{"@type":"ReadAction","target":["https:\/\/www.maquicat.com\/website\/home\/que-ofrecemos\/servicios\/transmision\/"]}]},{"@type":"ImageObject","inLanguage":"es","@id":"https:\/\/www.maquicat.com\/website\/home\/que-ofrecemos\/servicios\/transmision\/#primaryimage","url":"http:\/\/www.maquicat.com\/website\/wp-content\/uploads\/2015\/10\/P1030780-e1450191664191.jpg","contentUrl":"http:\/\/www.maquicat.com\/website\/wp-content\/uploads\/2015\/10\/P1030780-e1450191664191.jpg"},{"@type":"BreadcrumbList","@id":"https:\/\/www.maquicat.com\/website\/home\/que-ofrecemos\/servicios\/transmision\/#breadcrumb","itemListElement":[{"@type":"ListItem","position":1,"name":"Portada","item":"https:\/\/www.maquicat.com\/website\/home\/"},{"@type":"ListItem","position":2,"name":"QUE OFRECEMOS","item":"https:\/\/www.maquicat.com\/website\/home\/que-ofrecemos\/"},{"@type":"ListItem","position":3,"name":"SERVICIOS","item":"https:\/\/www.maquicat.com\/website\/home\/que-ofrecemos\/servicios\/"},{"@type":"ListItem","position":4,"name":"SISTEMAS DE TRANSMISION"}]},{"@type":"WebSite","@id":"https:\/\/www.maquicat.com\/website\/home\/#website","url":"https:\/\/www.maquicat.com\/website\/home\/","name":"MAQUICAT S.A.C.","description":"REPARACI\u00d3N DE MAQUINARIA PESADA \u25a0\u25a0\u25a0TELF. 945045270","publisher":{"@id":"https:\/\/www.maquicat.com\/website\/home\/#organization"},"potentialAction":[{"@type":"SearchAction","target":{"@type":"EntryPoint","urlTemplate":"https:\/\/www.maquicat.com\/website\/home\/?s={search_term_string}"},"query-input":{"@type":"PropertyValueSpecification","valueRequired":true,"valueName":"search_term_string"}}],"inLanguage":"es"},{"@type":"Organization","@id":"https:\/\/www.maquicat.com\/website\/home\/#organization","name":"maquicat SAC","url":"https:\/\/www.maquicat.com\/website\/home\/","logo":{"@type":"ImageObject","inLanguage":"es","@id":"https:\/\/www.maquicat.com\/website\/home\/#\/schema\/logo\/image\/","url":"https:\/\/www.maquicat.com\/website\/wp-content\/uploads\/2015\/11\/logo_maqX2.png","contentUrl":"https:\/\/www.maquicat.com\/website\/wp-content\/uploads\/2015\/11\/logo_maqX2.png","width":476,"height":110,"caption":"maquicat SAC"},"image":{"@id":"https:\/\/www.maquicat.com\/website\/home\/#\/schema\/logo\/image\/"}}]}},"_links":{"self":[{"href":"https:\/\/www.maquicat.com\/website\/home\/wp-json\/wp\/v2\/pages\/62","targetHints":{"allow":["GET"]}}],"collection":[{"href":"https:\/\/www.maquicat.com\/website\/home\/wp-json\/wp\/v2\/pages"}],"about":[{"href":"https:\/\/www.maquicat.com\/website\/home\/wp-json\/wp\/v2\/types\/page"}],"author":[{"embeddable":true,"href":"https:\/\/www.maquicat.com\/website\/home\/wp-json\/wp\/v2\/users\/1"}],"replies":[{"embeddable":true,"href":"https:\/\/www.maquicat.com\/website\/home\/wp-json\/wp\/v2\/comments?post=62"}],"version-history":[{"count":12,"href":"https:\/\/www.maquicat.com\/website\/home\/wp-json\/wp\/v2\/pages\/62\/revisions"}],"predecessor-version":[{"id":589,"href":"https:\/\/www.maquicat.com\/website\/home\/wp-json\/wp\/v2\/pages\/62\/revisions\/589"}],"up":[{"embeddable":true,"href":"https:\/\/www.maquicat.com\/website\/home\/wp-json\/wp\/v2\/pages\/56"}],"wp:attachment":[{"href":"https:\/\/www.maquicat.com\/website\/home\/wp-json\/wp\/v2\/media?parent=62"}],"curies":[{"name":"wp","href":"https:\/\/api.w.org\/{rel}","templated":true}]}}