{"id":60,"date":"2015-10-13T17:31:38","date_gmt":"2015-10-13T17:31:38","guid":{"rendered":"http:\/\/www.maquicat.com\/website\/home\/?page_id=60"},"modified":"2018-05-24T14:49:26","modified_gmt":"2018-05-24T19:49:26","slug":"bombas-hidraulicas","status":"publish","type":"page","link":"https:\/\/www.maquicat.com\/website\/home\/que-ofrecemos\/servicios\/bombas-hidraulicas\/","title":{"rendered":"COMPONENTES HIDRAULICOS"},"content":{"rendered":"<div id=\"pl-60\"  class=\"panel-layout\" ><div id=\"pg-60-0\"  class=\"panel-grid panel-no-style\" ><div id=\"pgc-60-0-0\"  class=\"panel-grid-cell\" ><div id=\"panel-60-0-0-0\" class=\"so-panel widget widget_sow-editor panel-first-child\" data-index=\"0\" ><div class=\"panel-widget-style panel-widget-style-for-60-0-0-0\" ><div\n\t\t\t\n\t\t\tclass=\"so-widget-sow-editor so-widget-sow-editor-base\"\n\t\t\t\n\t\t>\n<div class=\"siteorigin-widget-tinymce textwidget\">\n\t<h2 style=\"text-align: center;\">REPARACI\u00d3N DE BOMBAS, MOTORES Y CONTROLES HIDR\u00c1ULICOS<\/h2>\n<h3 style=\"text-align: center;\">ESPECIALISTAS EN COMPONENTES DE CATERPILLAR Y KOMATSU<\/h3>\n<h3 style=\"padding-left: 30px;\"><span style=\"color: #003366;\"><strong style=\"color: #003366;\">\u00bb<\/strong>\u00a0Reparaci\u00f3n y mantenimiento de bombas, motores y controles hidr\u00e1ulicos de las marcas\u00a0SAUER DANFOSS, EATON, VICKERS, REXROTH, DENISON, entre otros, siguiendo los siguientes criterios:<\/span><\/h3>\n<h3 style=\"padding-left: 60px;\">* Desarmado\u00a0y ensamblaje siguiendo estrictamente las especificaciones t\u00e9cnicas.<\/h3>\n<h3 style=\"padding-left: 60px;\">* Control estricto de contaminantes en los ambientes de trabajo e instrumental.<\/h3>\n<h3 style=\"padding-left: 60px;\">* Empleo de herramientas e instrumentos espec\u00edficos para garantizar un trabajo eficiente.<\/h3>\n<h3 style=\"padding-left: 60px;\">* Evaluaci\u00f3n de partes siguiendo\u00a0criterios de REUSABILIDAD, para reducir los costos por compras de repuestos nuevos.<\/h3>\n<h3 style=\"padding-left: 60px;\">* Pruebas hidr\u00e1ulicas seg\u00fan especificaciones del fabricante para garantizar el correcto funcionamiento de los componentes.<\/h3>\n<p>\u00a0<\/p>\n<h3 style=\"padding-left: 30px;\"><span style=\"color: #003366;\"><strong style=\"color: #003366;\">\u00bb Ofrecemos pruebas del sistema hidr\u00e1ulico en maquina (FLOW METER) para detectar y corregir fallas, ahorrando costos por desarmado, traslado e\u00a0 instalaci\u00f3n de componentes.<\/strong><\/span><\/h3>\n<h3 style=\"padding-left: 30px;\"><span style=\"color: #003366;\"><strong>\u00bb<\/strong><\/span><span style=\"color: #003366;\">\u00a0Realizamos instalaci\u00f3n en campo, de componentes principales as\u00ed como accesorios como mangueras, cilindros hidr\u00e1ulicos y controles de mando.<\/span><\/h3>\n<p><strong><em><a href=\"tel:945045270\">Solicitar Servicio<\/a><\/em><\/strong><\/p>\n<\/div>\n<\/div><\/div><\/div><div id=\"panel-60-0-0-1\" class=\"so-panel widget widget_sow-slider panel-last-child\" data-index=\"1\" ><div\n\t\t\t\n\t\t\tclass=\"so-widget-sow-slider so-widget-sow-slider-default-6d39609536fd-60\"\n\t\t\t\n\t\t>\t\t\t\t<div class=\"sow-slider-base\" style=\"display: none\" tabindex=\"0\">\n\t\t\t\t\t<ul\n\t\t\t\t\tclass=\"sow-slider-images\"\n\t\t\t\t\tdata-settings=\"{&quot;pagination&quot;:true,&quot;speed&quot;:800,&quot;timeout&quot;:8000,&quot;paused&quot;:false,&quot;pause_on_hover&quot;:false,&quot;swipe&quot;:true,&quot;nav_always_show_desktop&quot;:&quot;&quot;,&quot;nav_always_show_mobile&quot;:&quot;&quot;,&quot;breakpoint&quot;:&quot;780px&quot;,&quot;unmute&quot;:false,&quot;anchor&quot;:null}\"\n\t\t\t\t\t\t\t\t\t\tdata-anchor-id=\"\"\n\t\t\t\t>\t\t<li class=\"sow-slider-image\" style=\"visibility: visible;\" >\n\t\t\t\t\t\t<div class=\"sow-slider-image-container\">\n\t\t\t\t<div class=\"sow-slider-image-wrapper\" style=\"max-width: 800px\">\n\t\t\t\t\t\t\t\t\t\t<div class=\"sow-slider-image-foreground-wrapper\">\n\t\t\t\t\t\t<img loading=\"lazy\" decoding=\"async\" width=\"800\" height=\"600\" src=\"https:\/\/www.maquicat.com\/website\/wp-content\/uploads\/2015\/10\/BOMBA-HIDRAULICA-1.jpg\" class=\"sow-slider-foreground-image\" alt=\"\" style=\"\" srcset=\"https:\/\/www.maquicat.com\/website\/wp-content\/uploads\/2015\/10\/BOMBA-HIDRAULICA-1.jpg 800w, https:\/\/www.maquicat.com\/website\/wp-content\/uploads\/2015\/10\/BOMBA-HIDRAULICA-1-300x225.jpg 300w, https:\/\/www.maquicat.com\/website\/wp-content\/uploads\/2015\/10\/BOMBA-HIDRAULICA-1-768x576.jpg 768w, https:\/\/www.maquicat.com\/website\/wp-content\/uploads\/2015\/10\/BOMBA-HIDRAULICA-1-24x18.jpg 24w, https:\/\/www.maquicat.com\/website\/wp-content\/uploads\/2015\/10\/BOMBA-HIDRAULICA-1-36x27.jpg 36w, https:\/\/www.maquicat.com\/website\/wp-content\/uploads\/2015\/10\/BOMBA-HIDRAULICA-1-48x36.jpg 48w\" sizes=\"auto, (max-width: 800px) 100vw, 800px\" \/>\t\t\t\t\t<\/div>\n\t\t\t\t\t\t\t\t\t<\/div>\n\t\t\t<\/div>\n\t\t\t\t\t<\/li>\n\t\t\t\t<li class=\"sow-slider-image\" style=\"visibility: hidden;\" >\n\t\t\t\t\t\t<div class=\"sow-slider-image-container\">\n\t\t\t\t<div class=\"sow-slider-image-wrapper\" style=\"max-width: 800px\">\n\t\t\t\t\t\t\t\t\t\t<div class=\"sow-slider-image-foreground-wrapper\">\n\t\t\t\t\t\t<img loading=\"lazy\" decoding=\"async\" width=\"800\" height=\"600\" src=\"https:\/\/www.maquicat.com\/website\/wp-content\/uploads\/2015\/10\/VALVULA-DE-CONTROL.jpg\" class=\"sow-slider-foreground-image\" alt=\"\" style=\"\" srcset=\"https:\/\/www.maquicat.com\/website\/wp-content\/uploads\/2015\/10\/VALVULA-DE-CONTROL.jpg 800w, https:\/\/www.maquicat.com\/website\/wp-content\/uploads\/2015\/10\/VALVULA-DE-CONTROL-300x225.jpg 300w, https:\/\/www.maquicat.com\/website\/wp-content\/uploads\/2015\/10\/VALVULA-DE-CONTROL-768x576.jpg 768w, https:\/\/www.maquicat.com\/website\/wp-content\/uploads\/2015\/10\/VALVULA-DE-CONTROL-24x18.jpg 24w, https:\/\/www.maquicat.com\/website\/wp-content\/uploads\/2015\/10\/VALVULA-DE-CONTROL-36x27.jpg 36w, https:\/\/www.maquicat.com\/website\/wp-content\/uploads\/2015\/10\/VALVULA-DE-CONTROL-48x36.jpg 48w\" sizes=\"auto, (max-width: 800px) 100vw, 800px\" \/>\t\t\t\t\t<\/div>\n\t\t\t\t\t\t\t\t\t<\/div>\n\t\t\t<\/div>\n\t\t\t\t\t<\/li>\n\t\t\t\t<li class=\"sow-slider-image\" style=\"visibility: hidden;\" >\n\t\t\t\t\t\t<div class=\"sow-slider-image-container\">\n\t\t\t\t<div class=\"sow-slider-image-wrapper\" style=\"max-width: 4320px\">\n\t\t\t\t\t\t\t\t\t\t<div class=\"sow-slider-image-foreground-wrapper\">\n\t\t\t\t\t\t<img loading=\"lazy\" decoding=\"async\" width=\"4320\" height=\"2880\" src=\"https:\/\/www.maquicat.com\/website\/wp-content\/uploads\/2015\/10\/P1050764.jpg\" class=\"sow-slider-foreground-image\" alt=\"\" style=\"\" srcset=\"https:\/\/www.maquicat.com\/website\/wp-content\/uploads\/2015\/10\/P1050764.jpg 4320w, https:\/\/www.maquicat.com\/website\/wp-content\/uploads\/2015\/10\/P1050764-300x200.jpg 300w, https:\/\/www.maquicat.com\/website\/wp-content\/uploads\/2015\/10\/P1050764-1024x683.jpg 1024w\" sizes=\"auto, (max-width: 4320px) 100vw, 4320px\" \/>\t\t\t\t\t<\/div>\n\t\t\t\t\t\t\t\t\t<\/div>\n\t\t\t<\/div>\n\t\t\t\t\t<\/li>\n\t\t<\/ul>\t\t\t\t<ol class=\"sow-slider-pagination\">\n\t\t\t\t\t\t\t\t\t\t\t<li><a href=\"#\" data-goto=\"0\" aria-label=\"mostrar diapositiva 1\"><\/a><\/li>\n\t\t\t\t\t\t\t\t\t\t\t<li><a href=\"#\" data-goto=\"1\" aria-label=\"mostrar diapositiva 2\"><\/a><\/li>\n\t\t\t\t\t\t\t\t\t\t\t<li><a href=\"#\" data-goto=\"3\" aria-label=\"mostrar diapositiva 4\"><\/a><\/li>\n\t\t\t\t\t\t\t\t\t<\/ol>\n\n\t\t\t\t<div class=\"sow-slide-nav sow-slide-nav-next\">\n\t\t\t\t\t<a href=\"#\" data-goto=\"next\" aria-label=\"diapositiva siguiente\" data-action=\"next\">\n\t\t\t\t\t\t<em class=\"sow-sld-icon-thin-right\"><\/em>\n\t\t\t\t\t<\/a>\n\t\t\t\t<\/div>\n\n\t\t\t\t<div class=\"sow-slide-nav sow-slide-nav-prev\">\n\t\t\t\t\t<a href=\"#\" data-goto=\"previous\" aria-label=\"diapositiva anterior\" data-action=\"prev\">\n\t\t\t\t\t\t<em class=\"sow-sld-icon-thin-left\"><\/em>\n\t\t\t\t\t<\/a>\n\t\t\t\t<\/div>\n\t\t\t\t<\/div><\/div><\/div><\/div><\/div><\/div>","protected":false},"excerpt":{"rendered":"<p>REPARACI\u00d3N DE BOMBAS, MOTORES Y CONTROLES HIDR\u00c1ULICOSESPECIALISTAS EN COMPONENTES DE CATERPILLAR Y KOMATSU\u00bb\u00a0Reparaci\u00f3n y mantenimiento de bombas, motores y controles hidr\u00e1ulicos de las marcas\u00a0SAUER DANFOSS, EATON, VICKERS, REXROTH, DENISON, entre otros, siguiendo los siguientes criterios:* Desarmado\u00a0y ensamblaje siguiendo estrictamente las especificaciones t\u00e9cnicas.* Control estricto de contaminantes en los ambientes de trabajo e instrumental.* Empleo de [&hellip;]<\/p>\n","protected":false},"author":1,"featured_media":155,"parent":56,"menu_order":0,"comment_status":"closed","ping_status":"closed","template":"","meta":{"footnotes":""},"class_list":["post-60","page","type-page","status-publish","has-post-thumbnail","hentry"],"yoast_head":"<!-- This site is optimized with the Yoast SEO plugin v24.2 - https:\/\/yoast.com\/wordpress\/plugins\/seo\/ -->\n<title>BOMBAS HIDRAULICAS REPARACION EVALUACION Y MANTEMIENTO\u00a0<\/title>\n<meta name=\"description\" content=\"BOMBAS HIDRAULICAS REPARACION EVALUACION Y MANTENIMIENTO\" \/>\n<meta name=\"robots\" content=\"index, follow, max-snippet:-1, max-image-preview:large, max-video-preview:-1\" \/>\n<link rel=\"canonical\" href=\"https:\/\/www.maquicat.com\/website\/home\/que-ofrecemos\/servicios\/bombas-hidraulicas\/\" \/>\n<meta property=\"og:locale\" content=\"es_ES\" \/>\n<meta property=\"og:type\" content=\"article\" \/>\n<meta property=\"og:title\" content=\"BOMBAS HIDRAULICAS REPARACION EVALUACION Y MANTEMIENTO\u00a0\" \/>\n<meta property=\"og:description\" content=\"BOMBAS HIDRAULICAS REPARACION EVALUACION Y MANTENIMIENTO\" \/>\n<meta property=\"og:url\" content=\"https:\/\/www.maquicat.com\/website\/home\/que-ofrecemos\/servicios\/bombas-hidraulicas\/\" \/>\n<meta property=\"og:site_name\" content=\"MAQUICAT S.A.C.\" \/>\n<meta property=\"article:modified_time\" content=\"2018-05-24T19:49:26+00:00\" \/>\n<meta property=\"og:image\" content=\"https:\/\/www.maquicat.com\/website\/wp-content\/uploads\/2015\/10\/P1080683-e1446752984484.jpg\" \/>\n\t<meta property=\"og:image:width\" content=\"1920\" \/>\n\t<meta property=\"og:image:height\" content=\"1440\" \/>\n\t<meta property=\"og:image:type\" content=\"image\/jpeg\" \/>\n<meta name=\"twitter:card\" content=\"summary_large_image\" \/>\n<meta name=\"twitter:label1\" content=\"Tiempo de lectura\" \/>\n\t<meta name=\"twitter:data1\" content=\"1 minuto\" \/>\n<script type=\"application\/ld+json\" class=\"yoast-schema-graph\">{\"@context\":\"https:\/\/schema.org\",\"@graph\":[{\"@type\":\"WebPage\",\"@id\":\"https:\/\/www.maquicat.com\/website\/home\/que-ofrecemos\/servicios\/bombas-hidraulicas\/\",\"url\":\"https:\/\/www.maquicat.com\/website\/home\/que-ofrecemos\/servicios\/bombas-hidraulicas\/\",\"name\":\"BOMBAS HIDRAULICAS REPARACION EVALUACION Y MANTEMIENTO\u00a0\",\"isPartOf\":{\"@id\":\"https:\/\/www.maquicat.com\/website\/home\/#website\"},\"primaryImageOfPage\":{\"@id\":\"https:\/\/www.maquicat.com\/website\/home\/que-ofrecemos\/servicios\/bombas-hidraulicas\/#primaryimage\"},\"image\":{\"@id\":\"https:\/\/www.maquicat.com\/website\/home\/que-ofrecemos\/servicios\/bombas-hidraulicas\/#primaryimage\"},\"thumbnailUrl\":\"https:\/\/www.maquicat.com\/website\/wp-content\/uploads\/2015\/10\/P1080683-e1446752984484.jpg\",\"datePublished\":\"2015-10-13T17:31:38+00:00\",\"dateModified\":\"2018-05-24T19:49:26+00:00\",\"description\":\"BOMBAS HIDRAULICAS REPARACION EVALUACION Y MANTENIMIENTO\",\"breadcrumb\":{\"@id\":\"https:\/\/www.maquicat.com\/website\/home\/que-ofrecemos\/servicios\/bombas-hidraulicas\/#breadcrumb\"},\"inLanguage\":\"es\",\"potentialAction\":[{\"@type\":\"ReadAction\",\"target\":[\"https:\/\/www.maquicat.com\/website\/home\/que-ofrecemos\/servicios\/bombas-hidraulicas\/\"]}]},{\"@type\":\"ImageObject\",\"inLanguage\":\"es\",\"@id\":\"https:\/\/www.maquicat.com\/website\/home\/que-ofrecemos\/servicios\/bombas-hidraulicas\/#primaryimage\",\"url\":\"https:\/\/www.maquicat.com\/website\/wp-content\/uploads\/2015\/10\/P1080683-e1446752984484.jpg\",\"contentUrl\":\"https:\/\/www.maquicat.com\/website\/wp-content\/uploads\/2015\/10\/P1080683-e1446752984484.jpg\",\"width\":1920,\"height\":1440},{\"@type\":\"BreadcrumbList\",\"@id\":\"https:\/\/www.maquicat.com\/website\/home\/que-ofrecemos\/servicios\/bombas-hidraulicas\/#breadcrumb\",\"itemListElement\":[{\"@type\":\"ListItem\",\"position\":1,\"name\":\"Portada\",\"item\":\"https:\/\/www.maquicat.com\/website\/home\/\"},{\"@type\":\"ListItem\",\"position\":2,\"name\":\"QUE OFRECEMOS\",\"item\":\"https:\/\/www.maquicat.com\/website\/home\/que-ofrecemos\/\"},{\"@type\":\"ListItem\",\"position\":3,\"name\":\"SERVICIOS\",\"item\":\"https:\/\/www.maquicat.com\/website\/home\/que-ofrecemos\/servicios\/\"},{\"@type\":\"ListItem\",\"position\":4,\"name\":\"COMPONENTES HIDRAULICOS\"}]},{\"@type\":\"WebSite\",\"@id\":\"https:\/\/www.maquicat.com\/website\/home\/#website\",\"url\":\"https:\/\/www.maquicat.com\/website\/home\/\",\"name\":\"MAQUICAT S.A.C.\",\"description\":\"REPARACI\u00d3N DE MAQUINARIA PESADA \u25a0\u25a0\u25a0TELF. 945045270\",\"publisher\":{\"@id\":\"https:\/\/www.maquicat.com\/website\/home\/#organization\"},\"potentialAction\":[{\"@type\":\"SearchAction\",\"target\":{\"@type\":\"EntryPoint\",\"urlTemplate\":\"https:\/\/www.maquicat.com\/website\/home\/?s={search_term_string}\"},\"query-input\":{\"@type\":\"PropertyValueSpecification\",\"valueRequired\":true,\"valueName\":\"search_term_string\"}}],\"inLanguage\":\"es\"},{\"@type\":\"Organization\",\"@id\":\"https:\/\/www.maquicat.com\/website\/home\/#organization\",\"name\":\"maquicat SAC\",\"url\":\"https:\/\/www.maquicat.com\/website\/home\/\",\"logo\":{\"@type\":\"ImageObject\",\"inLanguage\":\"es\",\"@id\":\"https:\/\/www.maquicat.com\/website\/home\/#\/schema\/logo\/image\/\",\"url\":\"https:\/\/www.maquicat.com\/website\/wp-content\/uploads\/2015\/11\/logo_maqX2.png\",\"contentUrl\":\"https:\/\/www.maquicat.com\/website\/wp-content\/uploads\/2015\/11\/logo_maqX2.png\",\"width\":476,\"height\":110,\"caption\":\"maquicat SAC\"},\"image\":{\"@id\":\"https:\/\/www.maquicat.com\/website\/home\/#\/schema\/logo\/image\/\"}}]}<\/script>\n<!-- \/ Yoast SEO plugin. -->","yoast_head_json":{"title":"BOMBAS HIDRAULICAS REPARACION EVALUACION Y MANTEMIENTO\u00a0","description":"BOMBAS HIDRAULICAS REPARACION EVALUACION Y MANTENIMIENTO","robots":{"index":"index","follow":"follow","max-snippet":"max-snippet:-1","max-image-preview":"max-image-preview:large","max-video-preview":"max-video-preview:-1"},"canonical":"https:\/\/www.maquicat.com\/website\/home\/que-ofrecemos\/servicios\/bombas-hidraulicas\/","og_locale":"es_ES","og_type":"article","og_title":"BOMBAS HIDRAULICAS REPARACION EVALUACION Y MANTEMIENTO\u00a0","og_description":"BOMBAS HIDRAULICAS REPARACION EVALUACION Y MANTENIMIENTO","og_url":"https:\/\/www.maquicat.com\/website\/home\/que-ofrecemos\/servicios\/bombas-hidraulicas\/","og_site_name":"MAQUICAT S.A.C.","article_modified_time":"2018-05-24T19:49:26+00:00","og_image":[{"width":1920,"height":1440,"url":"https:\/\/www.maquicat.com\/website\/wp-content\/uploads\/2015\/10\/P1080683-e1446752984484.jpg","type":"image\/jpeg"}],"twitter_card":"summary_large_image","twitter_misc":{"Tiempo de lectura":"1 minuto"},"schema":{"@context":"https:\/\/schema.org","@graph":[{"@type":"WebPage","@id":"https:\/\/www.maquicat.com\/website\/home\/que-ofrecemos\/servicios\/bombas-hidraulicas\/","url":"https:\/\/www.maquicat.com\/website\/home\/que-ofrecemos\/servicios\/bombas-hidraulicas\/","name":"BOMBAS HIDRAULICAS REPARACION EVALUACION Y MANTEMIENTO\u00a0","isPartOf":{"@id":"https:\/\/www.maquicat.com\/website\/home\/#website"},"primaryImageOfPage":{"@id":"https:\/\/www.maquicat.com\/website\/home\/que-ofrecemos\/servicios\/bombas-hidraulicas\/#primaryimage"},"image":{"@id":"https:\/\/www.maquicat.com\/website\/home\/que-ofrecemos\/servicios\/bombas-hidraulicas\/#primaryimage"},"thumbnailUrl":"https:\/\/www.maquicat.com\/website\/wp-content\/uploads\/2015\/10\/P1080683-e1446752984484.jpg","datePublished":"2015-10-13T17:31:38+00:00","dateModified":"2018-05-24T19:49:26+00:00","description":"BOMBAS HIDRAULICAS REPARACION EVALUACION Y MANTENIMIENTO","breadcrumb":{"@id":"https:\/\/www.maquicat.com\/website\/home\/que-ofrecemos\/servicios\/bombas-hidraulicas\/#breadcrumb"},"inLanguage":"es","potentialAction":[{"@type":"ReadAction","target":["https:\/\/www.maquicat.com\/website\/home\/que-ofrecemos\/servicios\/bombas-hidraulicas\/"]}]},{"@type":"ImageObject","inLanguage":"es","@id":"https:\/\/www.maquicat.com\/website\/home\/que-ofrecemos\/servicios\/bombas-hidraulicas\/#primaryimage","url":"https:\/\/www.maquicat.com\/website\/wp-content\/uploads\/2015\/10\/P1080683-e1446752984484.jpg","contentUrl":"https:\/\/www.maquicat.com\/website\/wp-content\/uploads\/2015\/10\/P1080683-e1446752984484.jpg","width":1920,"height":1440},{"@type":"BreadcrumbList","@id":"https:\/\/www.maquicat.com\/website\/home\/que-ofrecemos\/servicios\/bombas-hidraulicas\/#breadcrumb","itemListElement":[{"@type":"ListItem","position":1,"name":"Portada","item":"https:\/\/www.maquicat.com\/website\/home\/"},{"@type":"ListItem","position":2,"name":"QUE OFRECEMOS","item":"https:\/\/www.maquicat.com\/website\/home\/que-ofrecemos\/"},{"@type":"ListItem","position":3,"name":"SERVICIOS","item":"https:\/\/www.maquicat.com\/website\/home\/que-ofrecemos\/servicios\/"},{"@type":"ListItem","position":4,"name":"COMPONENTES HIDRAULICOS"}]},{"@type":"WebSite","@id":"https:\/\/www.maquicat.com\/website\/home\/#website","url":"https:\/\/www.maquicat.com\/website\/home\/","name":"MAQUICAT S.A.C.","description":"REPARACI\u00d3N DE MAQUINARIA PESADA \u25a0\u25a0\u25a0TELF. 945045270","publisher":{"@id":"https:\/\/www.maquicat.com\/website\/home\/#organization"},"potentialAction":[{"@type":"SearchAction","target":{"@type":"EntryPoint","urlTemplate":"https:\/\/www.maquicat.com\/website\/home\/?s={search_term_string}"},"query-input":{"@type":"PropertyValueSpecification","valueRequired":true,"valueName":"search_term_string"}}],"inLanguage":"es"},{"@type":"Organization","@id":"https:\/\/www.maquicat.com\/website\/home\/#organization","name":"maquicat SAC","url":"https:\/\/www.maquicat.com\/website\/home\/","logo":{"@type":"ImageObject","inLanguage":"es","@id":"https:\/\/www.maquicat.com\/website\/home\/#\/schema\/logo\/image\/","url":"https:\/\/www.maquicat.com\/website\/wp-content\/uploads\/2015\/11\/logo_maqX2.png","contentUrl":"https:\/\/www.maquicat.com\/website\/wp-content\/uploads\/2015\/11\/logo_maqX2.png","width":476,"height":110,"caption":"maquicat SAC"},"image":{"@id":"https:\/\/www.maquicat.com\/website\/home\/#\/schema\/logo\/image\/"}}]}},"_links":{"self":[{"href":"https:\/\/www.maquicat.com\/website\/home\/wp-json\/wp\/v2\/pages\/60","targetHints":{"allow":["GET"]}}],"collection":[{"href":"https:\/\/www.maquicat.com\/website\/home\/wp-json\/wp\/v2\/pages"}],"about":[{"href":"https:\/\/www.maquicat.com\/website\/home\/wp-json\/wp\/v2\/types\/page"}],"author":[{"embeddable":true,"href":"https:\/\/www.maquicat.com\/website\/home\/wp-json\/wp\/v2\/users\/1"}],"replies":[{"embeddable":true,"href":"https:\/\/www.maquicat.com\/website\/home\/wp-json\/wp\/v2\/comments?post=60"}],"version-history":[{"count":24,"href":"https:\/\/www.maquicat.com\/website\/home\/wp-json\/wp\/v2\/pages\/60\/revisions"}],"predecessor-version":[{"id":609,"href":"https:\/\/www.maquicat.com\/website\/home\/wp-json\/wp\/v2\/pages\/60\/revisions\/609"}],"up":[{"embeddable":true,"href":"https:\/\/www.maquicat.com\/website\/home\/wp-json\/wp\/v2\/pages\/56"}],"wp:featuredmedia":[{"embeddable":true,"href":"https:\/\/www.maquicat.com\/website\/home\/wp-json\/wp\/v2\/media\/155"}],"wp:attachment":[{"href":"https:\/\/www.maquicat.com\/website\/home\/wp-json\/wp\/v2\/media?parent=60"}],"curies":[{"name":"wp","href":"https:\/\/api.w.org\/{rel}","templated":true}]}}