{"id":38,"date":"2015-10-13T16:28:08","date_gmt":"2015-10-13T21:28:08","guid":{"rendered":"http:\/\/www.maquicat.com\/website\/home\/?page_id=38"},"modified":"2017-09-07T19:32:24","modified_gmt":"2017-09-08T00:32:24","slug":"campos-de-accion","status":"publish","type":"page","link":"https:\/\/www.maquicat.com\/website\/home\/quienes-somos\/campos-de-accion\/","title":{"rendered":"CAMPOS DE ACCION"},"content":{"rendered":"<div id=\"pl-38\"  class=\"panel-layout\" ><div id=\"pg-38-0\"  class=\"panel-grid panel-no-style\" ><div id=\"pgc-38-0-0\"  class=\"panel-grid-cell\" ><div id=\"panel-38-0-0-0\" class=\"so-panel widget widget_sow-editor panel-first-child panel-last-child\" data-index=\"0\" ><div class=\"panel-widget-style panel-widget-style-for-38-0-0-0\" ><div\n\t\t\t\n\t\t\tclass=\"so-widget-sow-editor so-widget-sow-editor-base\"\n\t\t\t\n\t\t>\n<div class=\"siteorigin-widget-tinymce textwidget\">\n\t<p style=\"text-align: center; padding-left: 60px; padding-right: 60px;\"><strong>\u00a0\u00a0BRINDAMOS SERVICIOS DE REPARACI\u00d3N Y MANTENIMIENTO A:<\/strong><\/p>\n<ul>\n<li style=\"text-align: center; padding-left: 60px; padding-right: 60px;\"><strong>EQUIPOS MINEROS<\/strong><\/li>\n<li style=\"text-align: center; padding-left: 60px; padding-right: 60px;\">\n\n\t\t<style type=\"text\/css\">\n\t\t\t#gallery-1 {\n\t\t\t\tmargin: auto;\n\t\t\t}\n\t\t\t#gallery-1 .gallery-item {\n\t\t\t\tfloat: left;\n\t\t\t\tmargin-top: 10px;\n\t\t\t\ttext-align: center;\n\t\t\t\twidth: 33%;\n\t\t\t}\n\t\t\t#gallery-1 img {\n\t\t\t\tborder: 2px solid #cfcfcf;\n\t\t\t}\n\t\t\t#gallery-1 .gallery-caption {\n\t\t\t\tmargin-left: 0;\n\t\t\t}\n\t\t\t\/* see gallery_shortcode() in wp-includes\/media.php *\/\n\t\t<\/style>\n\t\t<div id='gallery-1' class='gallery galleryid-38 gallery-columns-3 gallery-size-medium'><dl class='gallery-item'>\n\t\t\t<dt class='gallery-icon landscape'>\n\t\t\t\t<a href='https:\/\/www.maquicat.com\/website\/home\/mineria-1\/'><img loading=\"lazy\" decoding=\"async\" width=\"300\" height=\"225\" src=\"https:\/\/www.maquicat.com\/website\/wp-content\/uploads\/2015\/12\/mineria-1-300x225.jpg\" class=\"attachment-medium size-medium\" alt=\"\" srcset=\"https:\/\/www.maquicat.com\/website\/wp-content\/uploads\/2015\/12\/mineria-1-300x225.jpg 300w, https:\/\/www.maquicat.com\/website\/wp-content\/uploads\/2015\/12\/mineria-1-24x18.jpg 24w, https:\/\/www.maquicat.com\/website\/wp-content\/uploads\/2015\/12\/mineria-1-36x27.jpg 36w, https:\/\/www.maquicat.com\/website\/wp-content\/uploads\/2015\/12\/mineria-1-48x36.jpg 48w, https:\/\/www.maquicat.com\/website\/wp-content\/uploads\/2015\/12\/mineria-1.jpg 400w\" sizes=\"auto, (max-width: 300px) 100vw, 300px\" \/><\/a>\n\t\t\t<\/dt><\/dl><dl class='gallery-item'>\n\t\t\t<dt class='gallery-icon landscape'>\n\t\t\t\t<a href='https:\/\/www.maquicat.com\/website\/home\/p1110360\/'><img loading=\"lazy\" decoding=\"async\" width=\"300\" height=\"225\" src=\"https:\/\/www.maquicat.com\/website\/wp-content\/uploads\/2015\/10\/P1110360-300x225.jpg\" class=\"attachment-medium size-medium\" alt=\"\" srcset=\"https:\/\/www.maquicat.com\/website\/wp-content\/uploads\/2015\/10\/P1110360-300x225.jpg 300w, https:\/\/www.maquicat.com\/website\/wp-content\/uploads\/2015\/10\/P1110360-1024x768.jpg 1024w, https:\/\/www.maquicat.com\/website\/wp-content\/uploads\/2015\/10\/P1110360-e1445217306193.jpg 1920w\" sizes=\"auto, (max-width: 300px) 100vw, 300px\" \/><\/a>\n\t\t\t<\/dt><\/dl><dl class='gallery-item'>\n\t\t\t<dt class='gallery-icon landscape'>\n\t\t\t\t<a href='https:\/\/www.maquicat.com\/website\/home\/20140705_100600\/'><img loading=\"lazy\" decoding=\"async\" width=\"300\" height=\"225\" src=\"https:\/\/www.maquicat.com\/website\/wp-content\/uploads\/2015\/10\/20140705_100600-300x225.jpg\" class=\"attachment-medium size-medium\" alt=\"\" srcset=\"https:\/\/www.maquicat.com\/website\/wp-content\/uploads\/2015\/10\/20140705_100600-300x225.jpg 300w, https:\/\/www.maquicat.com\/website\/wp-content\/uploads\/2015\/10\/20140705_100600-1024x768.jpg 1024w\" sizes=\"auto, (max-width: 300px) 100vw, 300px\" \/><\/a>\n\t\t\t<\/dt><\/dl><br style=\"clear: both\" \/>\n\t\t<\/div>\n\n<\/li>\n<li style=\"text-align: center; padding-left: 60px; padding-right: 60px;\"><strong>MAQUINARIA DE CONSTRUCCI\u00d3N<\/strong><\/li>\n<li style=\"text-align: center; padding-left: 60px; padding-right: 60px;\">\n\n\t\t<style type=\"text\/css\">\n\t\t\t#gallery-2 {\n\t\t\t\tmargin: auto;\n\t\t\t}\n\t\t\t#gallery-2 .gallery-item {\n\t\t\t\tfloat: left;\n\t\t\t\tmargin-top: 10px;\n\t\t\t\ttext-align: center;\n\t\t\t\twidth: 33%;\n\t\t\t}\n\t\t\t#gallery-2 img {\n\t\t\t\tborder: 2px solid #cfcfcf;\n\t\t\t}\n\t\t\t#gallery-2 .gallery-caption {\n\t\t\t\tmargin-left: 0;\n\t\t\t}\n\t\t\t\/* see gallery_shortcode() in wp-includes\/media.php *\/\n\t\t<\/style>\n\t\t<div id='gallery-2' class='gallery galleryid-38 gallery-columns-3 gallery-size-medium'><dl class='gallery-item'>\n\t\t\t<dt class='gallery-icon landscape'>\n\t\t\t\t<a href='https:\/\/www.maquicat.com\/website\/home\/martillo\/'><img loading=\"lazy\" decoding=\"async\" width=\"300\" height=\"225\" src=\"https:\/\/www.maquicat.com\/website\/wp-content\/uploads\/2015\/12\/martillo-300x225.jpg\" class=\"attachment-medium size-medium\" alt=\"\" srcset=\"https:\/\/www.maquicat.com\/website\/wp-content\/uploads\/2015\/12\/martillo-300x225.jpg 300w, https:\/\/www.maquicat.com\/website\/wp-content\/uploads\/2015\/12\/martillo-24x18.jpg 24w, https:\/\/www.maquicat.com\/website\/wp-content\/uploads\/2015\/12\/martillo-36x27.jpg 36w, https:\/\/www.maquicat.com\/website\/wp-content\/uploads\/2015\/12\/martillo-48x36.jpg 48w, https:\/\/www.maquicat.com\/website\/wp-content\/uploads\/2015\/12\/martillo.jpg 400w\" sizes=\"auto, (max-width: 300px) 100vw, 300px\" \/><\/a>\n\t\t\t<\/dt><\/dl><dl class='gallery-item'>\n\t\t\t<dt class='gallery-icon landscape'>\n\t\t\t\t<a href='https:\/\/www.maquicat.com\/website\/home\/hidra-nav\/'><img loading=\"lazy\" decoding=\"async\" width=\"300\" height=\"225\" src=\"https:\/\/www.maquicat.com\/website\/wp-content\/uploads\/2015\/12\/hidra-nav-300x225.jpg\" class=\"attachment-medium size-medium\" alt=\"\" srcset=\"https:\/\/www.maquicat.com\/website\/wp-content\/uploads\/2015\/12\/hidra-nav-300x225.jpg 300w, https:\/\/www.maquicat.com\/website\/wp-content\/uploads\/2015\/12\/hidra-nav-24x18.jpg 24w, https:\/\/www.maquicat.com\/website\/wp-content\/uploads\/2015\/12\/hidra-nav-36x27.jpg 36w, https:\/\/www.maquicat.com\/website\/wp-content\/uploads\/2015\/12\/hidra-nav-48x36.jpg 48w, https:\/\/www.maquicat.com\/website\/wp-content\/uploads\/2015\/12\/hidra-nav.jpg 400w\" sizes=\"auto, (max-width: 300px) 100vw, 300px\" \/><\/a>\n\t\t\t<\/dt><\/dl><dl class='gallery-item'>\n\t\t\t<dt class='gallery-icon landscape'>\n\t\t\t\t<a href='https:\/\/www.maquicat.com\/website\/home\/que-ofrecemos\/servicios\/motores-2\/p1060766\/'><img loading=\"lazy\" decoding=\"async\" width=\"300\" height=\"225\" src=\"https:\/\/www.maquicat.com\/website\/wp-content\/uploads\/2015\/10\/P1060766-300x225.jpg\" class=\"attachment-medium size-medium\" alt=\"\" srcset=\"https:\/\/www.maquicat.com\/website\/wp-content\/uploads\/2015\/10\/P1060766-300x225.jpg 300w, https:\/\/www.maquicat.com\/website\/wp-content\/uploads\/2015\/10\/P1060766-1024x768.jpg 1024w, https:\/\/www.maquicat.com\/website\/wp-content\/uploads\/2015\/10\/P1060766-e1445217635210.jpg 1920w\" sizes=\"auto, (max-width: 300px) 100vw, 300px\" \/><\/a>\n\t\t\t<\/dt><\/dl><br style=\"clear: both\" \/>\n\t\t<\/div>\n\n<\/li>\n<li style=\"text-align: center; padding-left: 60px; padding-right: 60px;\"><strong>GR\u00daAS HIDR\u00c1ULICAS<\/strong><\/li>\n<li style=\"text-align: center; padding-left: 60px; padding-right: 60px;\">\n\n\t\t<style type=\"text\/css\">\n\t\t\t#gallery-3 {\n\t\t\t\tmargin: auto;\n\t\t\t}\n\t\t\t#gallery-3 .gallery-item {\n\t\t\t\tfloat: left;\n\t\t\t\tmargin-top: 10px;\n\t\t\t\ttext-align: center;\n\t\t\t\twidth: 33%;\n\t\t\t}\n\t\t\t#gallery-3 img {\n\t\t\t\tborder: 2px solid #cfcfcf;\n\t\t\t}\n\t\t\t#gallery-3 .gallery-caption {\n\t\t\t\tmargin-left: 0;\n\t\t\t}\n\t\t\t\/* see gallery_shortcode() in wp-includes\/media.php *\/\n\t\t<\/style>\n\t\t<div id='gallery-3' class='gallery galleryid-38 gallery-columns-3 gallery-size-medium'><dl class='gallery-item'>\n\t\t\t<dt class='gallery-icon landscape'>\n\t\t\t\t<a href='https:\/\/www.maquicat.com\/website\/home\/grua2\/'><img loading=\"lazy\" decoding=\"async\" width=\"300\" height=\"225\" src=\"https:\/\/www.maquicat.com\/website\/wp-content\/uploads\/2015\/12\/grua2-300x225.jpg\" class=\"attachment-medium size-medium\" alt=\"\" srcset=\"https:\/\/www.maquicat.com\/website\/wp-content\/uploads\/2015\/12\/grua2-300x225.jpg 300w, https:\/\/www.maquicat.com\/website\/wp-content\/uploads\/2015\/12\/grua2-24x18.jpg 24w, https:\/\/www.maquicat.com\/website\/wp-content\/uploads\/2015\/12\/grua2-36x27.jpg 36w, https:\/\/www.maquicat.com\/website\/wp-content\/uploads\/2015\/12\/grua2-48x36.jpg 48w, https:\/\/www.maquicat.com\/website\/wp-content\/uploads\/2015\/12\/grua2.jpg 400w\" sizes=\"auto, (max-width: 300px) 100vw, 300px\" \/><\/a>\n\t\t\t<\/dt><\/dl><dl class='gallery-item'>\n\t\t\t<dt class='gallery-icon landscape'>\n\t\t\t\t<a href='https:\/\/www.maquicat.com\/website\/home\/hidra-nav1\/'><img loading=\"lazy\" decoding=\"async\" width=\"300\" height=\"225\" src=\"https:\/\/www.maquicat.com\/website\/wp-content\/uploads\/2015\/12\/hidra-nav1-300x225.jpg\" class=\"attachment-medium size-medium\" alt=\"\" srcset=\"https:\/\/www.maquicat.com\/website\/wp-content\/uploads\/2015\/12\/hidra-nav1-300x225.jpg 300w, https:\/\/www.maquicat.com\/website\/wp-content\/uploads\/2015\/12\/hidra-nav1-24x18.jpg 24w, https:\/\/www.maquicat.com\/website\/wp-content\/uploads\/2015\/12\/hidra-nav1-36x27.jpg 36w, https:\/\/www.maquicat.com\/website\/wp-content\/uploads\/2015\/12\/hidra-nav1-48x36.jpg 48w, https:\/\/www.maquicat.com\/website\/wp-content\/uploads\/2015\/12\/hidra-nav1.jpg 400w\" sizes=\"auto, (max-width: 300px) 100vw, 300px\" \/><\/a>\n\t\t\t<\/dt><\/dl><dl class='gallery-item'>\n\t\t\t<dt class='gallery-icon landscape'>\n\t\t\t\t<a href='https:\/\/www.maquicat.com\/website\/home\/grua1\/'><img loading=\"lazy\" decoding=\"async\" width=\"300\" height=\"225\" src=\"https:\/\/www.maquicat.com\/website\/wp-content\/uploads\/2015\/12\/grua1-300x225.jpg\" class=\"attachment-medium size-medium\" alt=\"\" srcset=\"https:\/\/www.maquicat.com\/website\/wp-content\/uploads\/2015\/12\/grua1-300x225.jpg 300w, https:\/\/www.maquicat.com\/website\/wp-content\/uploads\/2015\/12\/grua1-24x18.jpg 24w, https:\/\/www.maquicat.com\/website\/wp-content\/uploads\/2015\/12\/grua1-36x27.jpg 36w, https:\/\/www.maquicat.com\/website\/wp-content\/uploads\/2015\/12\/grua1-48x36.jpg 48w, https:\/\/www.maquicat.com\/website\/wp-content\/uploads\/2015\/12\/grua1.jpg 400w\" sizes=\"auto, (max-width: 300px) 100vw, 300px\" \/><\/a>\n\t\t\t<\/dt><\/dl><br style=\"clear: both\" \/>\n\t\t<\/div>\n\n<\/li>\n<li style=\"text-align: center; padding-left: 60px; padding-right: 60px;\"><strong>EQUIPOS INDUSTRIALES<\/strong><\/li>\n<li style=\"text-align: center; padding-left: 60px; padding-right: 60px;\">\n\n\t\t<style type=\"text\/css\">\n\t\t\t#gallery-4 {\n\t\t\t\tmargin: auto;\n\t\t\t}\n\t\t\t#gallery-4 .gallery-item {\n\t\t\t\tfloat: left;\n\t\t\t\tmargin-top: 10px;\n\t\t\t\ttext-align: center;\n\t\t\t\twidth: 33%;\n\t\t\t}\n\t\t\t#gallery-4 img {\n\t\t\t\tborder: 2px solid #cfcfcf;\n\t\t\t}\n\t\t\t#gallery-4 .gallery-caption {\n\t\t\t\tmargin-left: 0;\n\t\t\t}\n\t\t\t\/* see gallery_shortcode() in wp-includes\/media.php *\/\n\t\t<\/style>\n\t\t<div id='gallery-4' class='gallery galleryid-38 gallery-columns-3 gallery-size-medium'><dl class='gallery-item'>\n\t\t\t<dt class='gallery-icon landscape'>\n\t\t\t\t<a href='https:\/\/www.maquicat.com\/website\/home\/hidra-ind-2\/'><img loading=\"lazy\" decoding=\"async\" width=\"300\" height=\"225\" src=\"https:\/\/www.maquicat.com\/website\/wp-content\/uploads\/2015\/12\/hidra-ind-2-300x225.jpg\" class=\"attachment-medium size-medium\" alt=\"\" srcset=\"https:\/\/www.maquicat.com\/website\/wp-content\/uploads\/2015\/12\/hidra-ind-2-300x225.jpg 300w, https:\/\/www.maquicat.com\/website\/wp-content\/uploads\/2015\/12\/hidra-ind-2-24x18.jpg 24w, https:\/\/www.maquicat.com\/website\/wp-content\/uploads\/2015\/12\/hidra-ind-2-36x27.jpg 36w, https:\/\/www.maquicat.com\/website\/wp-content\/uploads\/2015\/12\/hidra-ind-2-48x36.jpg 48w, https:\/\/www.maquicat.com\/website\/wp-content\/uploads\/2015\/12\/hidra-ind-2.jpg 400w\" sizes=\"auto, (max-width: 300px) 100vw, 300px\" \/><\/a>\n\t\t\t<\/dt><\/dl><dl class='gallery-item'>\n\t\t\t<dt class='gallery-icon landscape'>\n\t\t\t\t<a href='https:\/\/www.maquicat.com\/website\/home\/hidra-ind\/'><img loading=\"lazy\" decoding=\"async\" width=\"300\" height=\"225\" src=\"https:\/\/www.maquicat.com\/website\/wp-content\/uploads\/2015\/12\/hidra-ind-300x225.jpg\" class=\"attachment-medium size-medium\" alt=\"\" srcset=\"https:\/\/www.maquicat.com\/website\/wp-content\/uploads\/2015\/12\/hidra-ind-300x225.jpg 300w, https:\/\/www.maquicat.com\/website\/wp-content\/uploads\/2015\/12\/hidra-ind-24x18.jpg 24w, https:\/\/www.maquicat.com\/website\/wp-content\/uploads\/2015\/12\/hidra-ind-36x27.jpg 36w, https:\/\/www.maquicat.com\/website\/wp-content\/uploads\/2015\/12\/hidra-ind-48x36.jpg 48w, https:\/\/www.maquicat.com\/website\/wp-content\/uploads\/2015\/12\/hidra-ind.jpg 400w\" sizes=\"auto, (max-width: 300px) 100vw, 300px\" \/><\/a>\n\t\t\t<\/dt><\/dl><dl class='gallery-item'>\n\t\t\t<dt class='gallery-icon landscape'>\n\t\t\t\t<a href='https:\/\/www.maquicat.com\/website\/home\/p1060116\/'><img loading=\"lazy\" decoding=\"async\" width=\"300\" height=\"200\" src=\"https:\/\/www.maquicat.com\/website\/wp-content\/uploads\/2015\/10\/P1060116-300x200.jpg\" class=\"attachment-medium size-medium\" alt=\"\" srcset=\"https:\/\/www.maquicat.com\/website\/wp-content\/uploads\/2015\/10\/P1060116-300x200.jpg 300w, https:\/\/www.maquicat.com\/website\/wp-content\/uploads\/2015\/10\/P1060116-1024x683.jpg 1024w\" sizes=\"auto, (max-width: 300px) 100vw, 300px\" \/><\/a>\n\t\t\t<\/dt><\/dl><br style=\"clear: both\" \/>\n\t\t<\/div>\n\n<p>\u00a0<\/p>\n<\/li>\n<\/ul>\n<p><strong>Contamos con un taller-laboratorio de reparaci\u00f3n y armado de componentes\u00a0hidr\u00e1ulicos,\u00a0el\u00e9ctricos y mec\u00e1nicos, \u00a0implementado con herramientas, materiales \u00a0y \u00a0condiciones propias de un laboratorio de primer nivel.<\/strong><\/p>\n<p><b>Tambi\u00e9n<\/b><strong>\u00a0brindamos atenci\u00f3n t\u00e9cnica a nivel nacional en el lugar del requerimiento. <\/strong><\/p>\n<p><strong>Nuestra\u00a0amplia experiencia y trayectoria de\u00a0servicio a maquinarias pesadas e industriales, son garant\u00eda de\u00a0satisfacci\u00f3n.<\/strong><\/p>\n<p>\u00a0<\/p>\n<\/div>\n<\/div><\/div><\/div><\/div><\/div><\/div>","protected":false},"excerpt":{"rendered":"<p>\u00a0\u00a0BRINDAMOS SERVICIOS DE REPARACI\u00d3N Y MANTENIMIENTO A:EQUIPOS MINEROSMAQUINARIA DE CONSTRUCCI\u00d3NGR\u00daAS HIDR\u00c1ULICASEQUIPOS INDUSTRIALES\u00a0Contamos con un taller-laboratorio de reparaci\u00f3n y armado de componentes\u00a0hidr\u00e1ulicos,\u00a0el\u00e9ctricos y mec\u00e1nicos, \u00a0implementado con herramientas, materiales \u00a0y \u00a0condiciones propias de un laboratorio de primer nivel.Tambi\u00e9n\u00a0brindamos atenci\u00f3n t\u00e9cnica a nivel nacional en el lugar del requerimiento. Nuestra\u00a0amplia experiencia y trayectoria de\u00a0servicio a maquinarias pesadas e [&hellip;]<\/p>\n","protected":false},"author":1,"featured_media":0,"parent":12,"menu_order":0,"comment_status":"closed","ping_status":"closed","template":"","meta":{"footnotes":""},"class_list":["post-38","page","type-page","status-publish","hentry"],"yoast_head":"<!-- This site is optimized with the Yoast SEO plugin v24.2 - https:\/\/yoast.com\/wordpress\/plugins\/seo\/ -->\n<title>CAMPOS DE ACCION - MAQUICAT S.A.C.<\/title>\n<meta name=\"description\" content=\"reparaci\u00f3n y mantenimiento de maquinaria pesada\" \/>\n<meta name=\"robots\" content=\"index, follow, max-snippet:-1, max-image-preview:large, max-video-preview:-1\" \/>\n<link rel=\"canonical\" href=\"https:\/\/www.maquicat.com\/website\/home\/quienes-somos\/campos-de-accion\/\" \/>\n<meta property=\"og:locale\" content=\"es_ES\" \/>\n<meta property=\"og:type\" content=\"article\" \/>\n<meta property=\"og:title\" content=\"CAMPOS DE ACCION - MAQUICAT S.A.C.\" \/>\n<meta property=\"og:description\" content=\"reparaci\u00f3n y mantenimiento de maquinaria pesada\" \/>\n<meta property=\"og:url\" content=\"https:\/\/www.maquicat.com\/website\/home\/quienes-somos\/campos-de-accion\/\" \/>\n<meta property=\"og:site_name\" content=\"MAQUICAT S.A.C.\" \/>\n<meta property=\"article:modified_time\" content=\"2017-09-08T00:32:24+00:00\" \/>\n<meta property=\"og:image\" content=\"http:\/\/www.maquicat.com\/website\/wp-content\/uploads\/2015\/12\/mineria-1-300x225.jpg\" \/>\n<meta name=\"twitter:card\" content=\"summary_large_image\" \/>\n<meta name=\"twitter:label1\" content=\"Tiempo de lectura\" \/>\n\t<meta name=\"twitter:data1\" content=\"1 minuto\" \/>\n<script type=\"application\/ld+json\" class=\"yoast-schema-graph\">{\"@context\":\"https:\/\/schema.org\",\"@graph\":[{\"@type\":\"WebPage\",\"@id\":\"https:\/\/www.maquicat.com\/website\/home\/quienes-somos\/campos-de-accion\/\",\"url\":\"https:\/\/www.maquicat.com\/website\/home\/quienes-somos\/campos-de-accion\/\",\"name\":\"CAMPOS DE ACCION - MAQUICAT S.A.C.\",\"isPartOf\":{\"@id\":\"https:\/\/www.maquicat.com\/website\/home\/#website\"},\"primaryImageOfPage\":{\"@id\":\"https:\/\/www.maquicat.com\/website\/home\/quienes-somos\/campos-de-accion\/#primaryimage\"},\"image\":{\"@id\":\"https:\/\/www.maquicat.com\/website\/home\/quienes-somos\/campos-de-accion\/#primaryimage\"},\"thumbnailUrl\":\"http:\/\/www.maquicat.com\/website\/wp-content\/uploads\/2015\/12\/mineria-1-300x225.jpg\",\"datePublished\":\"2015-10-13T21:28:08+00:00\",\"dateModified\":\"2017-09-08T00:32:24+00:00\",\"description\":\"reparaci\u00f3n y mantenimiento de maquinaria pesada\",\"breadcrumb\":{\"@id\":\"https:\/\/www.maquicat.com\/website\/home\/quienes-somos\/campos-de-accion\/#breadcrumb\"},\"inLanguage\":\"es\",\"potentialAction\":[{\"@type\":\"ReadAction\",\"target\":[\"https:\/\/www.maquicat.com\/website\/home\/quienes-somos\/campos-de-accion\/\"]}]},{\"@type\":\"ImageObject\",\"inLanguage\":\"es\",\"@id\":\"https:\/\/www.maquicat.com\/website\/home\/quienes-somos\/campos-de-accion\/#primaryimage\",\"url\":\"http:\/\/www.maquicat.com\/website\/wp-content\/uploads\/2015\/12\/mineria-1-300x225.jpg\",\"contentUrl\":\"http:\/\/www.maquicat.com\/website\/wp-content\/uploads\/2015\/12\/mineria-1-300x225.jpg\"},{\"@type\":\"BreadcrumbList\",\"@id\":\"https:\/\/www.maquicat.com\/website\/home\/quienes-somos\/campos-de-accion\/#breadcrumb\",\"itemListElement\":[{\"@type\":\"ListItem\",\"position\":1,\"name\":\"Portada\",\"item\":\"https:\/\/www.maquicat.com\/website\/home\/\"},{\"@type\":\"ListItem\",\"position\":2,\"name\":\"QUIENES SOMOS\",\"item\":\"https:\/\/www.maquicat.com\/website\/home\/quienes-somos\/\"},{\"@type\":\"ListItem\",\"position\":3,\"name\":\"CAMPOS DE ACCION\"}]},{\"@type\":\"WebSite\",\"@id\":\"https:\/\/www.maquicat.com\/website\/home\/#website\",\"url\":\"https:\/\/www.maquicat.com\/website\/home\/\",\"name\":\"MAQUICAT S.A.C.\",\"description\":\"REPARACI\u00d3N DE MAQUINARIA PESADA \u25a0\u25a0\u25a0TELF. 945045270\",\"publisher\":{\"@id\":\"https:\/\/www.maquicat.com\/website\/home\/#organization\"},\"potentialAction\":[{\"@type\":\"SearchAction\",\"target\":{\"@type\":\"EntryPoint\",\"urlTemplate\":\"https:\/\/www.maquicat.com\/website\/home\/?s={search_term_string}\"},\"query-input\":{\"@type\":\"PropertyValueSpecification\",\"valueRequired\":true,\"valueName\":\"search_term_string\"}}],\"inLanguage\":\"es\"},{\"@type\":\"Organization\",\"@id\":\"https:\/\/www.maquicat.com\/website\/home\/#organization\",\"name\":\"maquicat SAC\",\"url\":\"https:\/\/www.maquicat.com\/website\/home\/\",\"logo\":{\"@type\":\"ImageObject\",\"inLanguage\":\"es\",\"@id\":\"https:\/\/www.maquicat.com\/website\/home\/#\/schema\/logo\/image\/\",\"url\":\"https:\/\/www.maquicat.com\/website\/wp-content\/uploads\/2015\/11\/logo_maqX2.png\",\"contentUrl\":\"https:\/\/www.maquicat.com\/website\/wp-content\/uploads\/2015\/11\/logo_maqX2.png\",\"width\":476,\"height\":110,\"caption\":\"maquicat SAC\"},\"image\":{\"@id\":\"https:\/\/www.maquicat.com\/website\/home\/#\/schema\/logo\/image\/\"}}]}<\/script>\n<!-- \/ Yoast SEO plugin. -->","yoast_head_json":{"title":"CAMPOS DE ACCION - MAQUICAT S.A.C.","description":"reparaci\u00f3n y mantenimiento de maquinaria pesada","robots":{"index":"index","follow":"follow","max-snippet":"max-snippet:-1","max-image-preview":"max-image-preview:large","max-video-preview":"max-video-preview:-1"},"canonical":"https:\/\/www.maquicat.com\/website\/home\/quienes-somos\/campos-de-accion\/","og_locale":"es_ES","og_type":"article","og_title":"CAMPOS DE ACCION - MAQUICAT S.A.C.","og_description":"reparaci\u00f3n y mantenimiento de maquinaria pesada","og_url":"https:\/\/www.maquicat.com\/website\/home\/quienes-somos\/campos-de-accion\/","og_site_name":"MAQUICAT S.A.C.","article_modified_time":"2017-09-08T00:32:24+00:00","og_image":[{"url":"http:\/\/www.maquicat.com\/website\/wp-content\/uploads\/2015\/12\/mineria-1-300x225.jpg","type":"","width":"","height":""}],"twitter_card":"summary_large_image","twitter_misc":{"Tiempo de lectura":"1 minuto"},"schema":{"@context":"https:\/\/schema.org","@graph":[{"@type":"WebPage","@id":"https:\/\/www.maquicat.com\/website\/home\/quienes-somos\/campos-de-accion\/","url":"https:\/\/www.maquicat.com\/website\/home\/quienes-somos\/campos-de-accion\/","name":"CAMPOS DE ACCION - MAQUICAT S.A.C.","isPartOf":{"@id":"https:\/\/www.maquicat.com\/website\/home\/#website"},"primaryImageOfPage":{"@id":"https:\/\/www.maquicat.com\/website\/home\/quienes-somos\/campos-de-accion\/#primaryimage"},"image":{"@id":"https:\/\/www.maquicat.com\/website\/home\/quienes-somos\/campos-de-accion\/#primaryimage"},"thumbnailUrl":"http:\/\/www.maquicat.com\/website\/wp-content\/uploads\/2015\/12\/mineria-1-300x225.jpg","datePublished":"2015-10-13T21:28:08+00:00","dateModified":"2017-09-08T00:32:24+00:00","description":"reparaci\u00f3n y mantenimiento de maquinaria pesada","breadcrumb":{"@id":"https:\/\/www.maquicat.com\/website\/home\/quienes-somos\/campos-de-accion\/#breadcrumb"},"inLanguage":"es","potentialAction":[{"@type":"ReadAction","target":["https:\/\/www.maquicat.com\/website\/home\/quienes-somos\/campos-de-accion\/"]}]},{"@type":"ImageObject","inLanguage":"es","@id":"https:\/\/www.maquicat.com\/website\/home\/quienes-somos\/campos-de-accion\/#primaryimage","url":"http:\/\/www.maquicat.com\/website\/wp-content\/uploads\/2015\/12\/mineria-1-300x225.jpg","contentUrl":"http:\/\/www.maquicat.com\/website\/wp-content\/uploads\/2015\/12\/mineria-1-300x225.jpg"},{"@type":"BreadcrumbList","@id":"https:\/\/www.maquicat.com\/website\/home\/quienes-somos\/campos-de-accion\/#breadcrumb","itemListElement":[{"@type":"ListItem","position":1,"name":"Portada","item":"https:\/\/www.maquicat.com\/website\/home\/"},{"@type":"ListItem","position":2,"name":"QUIENES SOMOS","item":"https:\/\/www.maquicat.com\/website\/home\/quienes-somos\/"},{"@type":"ListItem","position":3,"name":"CAMPOS DE ACCION"}]},{"@type":"WebSite","@id":"https:\/\/www.maquicat.com\/website\/home\/#website","url":"https:\/\/www.maquicat.com\/website\/home\/","name":"MAQUICAT S.A.C.","description":"REPARACI\u00d3N DE MAQUINARIA PESADA \u25a0\u25a0\u25a0TELF. 945045270","publisher":{"@id":"https:\/\/www.maquicat.com\/website\/home\/#organization"},"potentialAction":[{"@type":"SearchAction","target":{"@type":"EntryPoint","urlTemplate":"https:\/\/www.maquicat.com\/website\/home\/?s={search_term_string}"},"query-input":{"@type":"PropertyValueSpecification","valueRequired":true,"valueName":"search_term_string"}}],"inLanguage":"es"},{"@type":"Organization","@id":"https:\/\/www.maquicat.com\/website\/home\/#organization","name":"maquicat SAC","url":"https:\/\/www.maquicat.com\/website\/home\/","logo":{"@type":"ImageObject","inLanguage":"es","@id":"https:\/\/www.maquicat.com\/website\/home\/#\/schema\/logo\/image\/","url":"https:\/\/www.maquicat.com\/website\/wp-content\/uploads\/2015\/11\/logo_maqX2.png","contentUrl":"https:\/\/www.maquicat.com\/website\/wp-content\/uploads\/2015\/11\/logo_maqX2.png","width":476,"height":110,"caption":"maquicat SAC"},"image":{"@id":"https:\/\/www.maquicat.com\/website\/home\/#\/schema\/logo\/image\/"}}]}},"_links":{"self":[{"href":"https:\/\/www.maquicat.com\/website\/home\/wp-json\/wp\/v2\/pages\/38","targetHints":{"allow":["GET"]}}],"collection":[{"href":"https:\/\/www.maquicat.com\/website\/home\/wp-json\/wp\/v2\/pages"}],"about":[{"href":"https:\/\/www.maquicat.com\/website\/home\/wp-json\/wp\/v2\/types\/page"}],"author":[{"embeddable":true,"href":"https:\/\/www.maquicat.com\/website\/home\/wp-json\/wp\/v2\/users\/1"}],"replies":[{"embeddable":true,"href":"https:\/\/www.maquicat.com\/website\/home\/wp-json\/wp\/v2\/comments?post=38"}],"version-history":[{"count":29,"href":"https:\/\/www.maquicat.com\/website\/home\/wp-json\/wp\/v2\/pages\/38\/revisions"}],"predecessor-version":[{"id":594,"href":"https:\/\/www.maquicat.com\/website\/home\/wp-json\/wp\/v2\/pages\/38\/revisions\/594"}],"up":[{"embeddable":true,"href":"https:\/\/www.maquicat.com\/website\/home\/wp-json\/wp\/v2\/pages\/12"}],"wp:attachment":[{"href":"https:\/\/www.maquicat.com\/website\/home\/wp-json\/wp\/v2\/media?parent=38"}],"curies":[{"name":"wp","href":"https:\/\/api.w.org\/{rel}","templated":true}]}}